{"id":10948,"date":"2024-06-06T15:54:15","date_gmt":"2024-06-06T20:54:15","guid":{"rendered":"https:\/\/amazonjungletrips.com.co\/?page_id=10948"},"modified":"2024-06-07T10:08:46","modified_gmt":"2024-06-07T15:08:46","slug":"un-dia","status":"publish","type":"page","link":"https:\/\/amazonjungletrips.com.co\/en\/un-dia\/","title":{"rendered":"One-day adventures"},"content":{"rendered":"<div data-elementor-type=\"wp-page\" data-elementor-id=\"10948\" class=\"elementor elementor-10948\" data-elementor-post-type=\"page\">\n\t\t\t\t\t\t<section class=\"elementor-section elementor-top-section elementor-element elementor-element-3d8a1967 elementor-section-boxed elementor-section-height-default elementor-section-height-default\" data-id=\"3d8a1967\" data-element_type=\"section\" data-settings=\"{&quot;background_background&quot;:&quot;classic&quot;}\">\n\t\t\t\t\t\t<div class=\"elementor-container elementor-column-gap-default\">\n\t\t\t\t\t<div class=\"elementor-column elementor-col-100 elementor-top-column elementor-element elementor-element-560d3c26\" data-id=\"560d3c26\" data-element_type=\"column\">\n\t\t\t<div class=\"elementor-widget-wrap elementor-element-populated\">\n\t\t\t\t\t\t<div class=\"elementor-element elementor-element-32683ae elementor-widget elementor-widget-st_list_service\" data-id=\"32683ae\" data-element_type=\"widget\" data-settings=\"{&quot;orderby&quot;:&quot;title&quot;,&quot;type_form&quot;:&quot;single&quot;,&quot;order&quot;:&quot;ASC&quot;}\" data-widget_type=\"st_list_service.default\">\n\t\t\t\t<div class=\"elementor-widget-container\">\n\t\t\t\t\t    <div class=\"st-list-service list style_2\"     >\r\n        <div class=\"row service-list-wrapper service-tour list-style style-list\"><div class=\"col-12 item-service\"><div class=\"services-item list item-elementor\" itemscope itemtype=\"https:\/\/schema.org\/TouristTrip\" data-id=\"10897\">\r\n    <div class=\"item service-border st-border-radius\">\r\n        <div class=\"featured-image\">\r\n\r\n                            <a href=\"\" class=\"login\" data-toggle=\"modal\" data-target=\"#st-login-form\">\r\n                    <div class=\"service-add-wishlist\" title=\"Add to wishlist\">\r\n                        <i class=\"fa fa-heart\"><\/i>\r\n                        <div class=\"lds-dual-ring\"><\/div>\r\n                    <\/div>\r\n                <\/a>\r\n                        <div class=\"service-tag bestseller\">\r\n                            <\/div>\r\n            <a href=\"https:\/\/amazonjungletrips.com.co\/en\/st_tour\/reserva-natural-zacambu-rainforest-lodge\/\">\r\n                <img fetchpriority=\"high\" decoding=\"async\" width=\"450\" height=\"300\" src=\"https:\/\/amazonjungletrips.com.co\/wp-content\/uploads\/2024\/06\/DSC09843-min-scaled-450x300.jpg\" class=\"img-responsive wp-post-image\" alt=\"Zacambu Rainforest Lodge\" itemprop=\"image\" srcset=\"https:\/\/amazonjungletrips.com.co\/wp-content\/uploads\/2024\/06\/DSC09843-min-scaled-450x300.jpg 450w, https:\/\/amazonjungletrips.com.co\/wp-content\/uploads\/2024\/06\/DSC09843-min-768x512.jpg 768w, https:\/\/amazonjungletrips.com.co\/wp-content\/uploads\/2024\/06\/DSC09843-min-600x400.jpg 600w, https:\/\/amazonjungletrips.com.co\/wp-content\/uploads\/2024\/06\/DSC09843-min-scaled-18x12.jpg 18w, https:\/\/amazonjungletrips.com.co\/wp-content\/uploads\/2024\/06\/DSC09843-min-scaled-900x600.jpg 900w\" sizes=\"(max-width: 450px) 100vw, 450px\" \/>            <\/a>\r\n                        <a href=\"https:\/\/amazonjungletrips.com.co\/en\/partner-page\/?partner_id=1\" target=\"_blank\" title=\"demo03.kory.com.co\"  class=\"service-avatar\"><img alt='Zacambu Rainforest Lodge' src='https:\/\/secure.gravatar.com\/avatar\/bfa57b6f3062bd1d4a3a39d83bfc0f7b602817e9fcd2cf69d516c7d78d5167a0?s=70&#038;d=mm&#038;r=g' srcset='https:\/\/secure.gravatar.com\/avatar\/bfa57b6f3062bd1d4a3a39d83bfc0f7b602817e9fcd2cf69d516c7d78d5167a0?s=140&#038;d=mm&#038;r=g 2x' class='avatar avatar-70 photo' height='70' width='70' \/><\/a>        <\/div>\r\n        <div class=\"content-item\">\r\n            <div class=\"content-item-left\">\r\n                                    <div class=\"sub-title d-flex align-items-center\" itemprop=\"itinerary\" itemscope itemtype=\"https:\/\/schema.org\/ItemList\">\r\n\t\t\t\t\t\t<span itemprop=\"itemListElement\" itemtype=\"https:\/\/schema.org\/ListItem\" itemscope>\r\n\t\t\t\t\t\t\t<div itemtype=\"https:\/\/schema.org\/TouristAttraction\" itemscope>\r\n\t\t\t\t\t\t\t\t<i class=\"stt-icon-location1\"><\/i>\r\n\t\t\t\t\t\t\t\t<div itemprop=\"name\" style=\"display: inline-block\">Zacambu Rainforest Lodge, Peru<\/div>\r\n\t\t\t\t\t\t\t<\/div>\r\n\t\t\t\t\t\t<\/span>\r\n                    <\/div>\r\n                                <h3 class=\"title\" itemprop=\"name\"><a href=\"https:\/\/amazonjungletrips.com.co\/en\/st_tour\/reserva-natural-zacambu-rainforest-lodge\/\">Zacambu Rainforest Lodge<\/a><\/h3>\r\n                <div class=\"reviews\">\r\n                    <i class=\"stt-icon-star1\"><\/i>\r\n                    <span class=\"rate\">\r\n                        0                    <\/span>\r\n                    <span class=\"summary\">\r\n                        (No Review)\r\n                    <\/span>\r\n                <\/div>\r\n                <div class=\"service-excerpt\">\r\n                    Departure from Leticia on a 75 km route for an hour and a half sailing between the great ...                <\/div>\r\n            <\/div>\r\n            <div class=\"content-item-right\">\r\n\r\n                <div class=\"content-item-right-wrap h-100 w-100 text-center d-flex align-content-between flex-wrap\">\r\n                    <div class=\"st-list-top w-100\">\r\n                                                                            <div class=\"service-duration d-block d-sm-none d-md-none d-lg-none\">\r\n                                <i class=\"input-icon st-border-radius field-icon fa\"><svg height=\"17px\" width=\"17px\" version=\"1.1\" xmlns=\"http:\/\/www.w3.org\/2000\/svg\" xmlns:xlink=\"http:\/\/www.w3.org\/1999\/xlink\" x=\"0px\" y=\"0px\"\r\n     viewbox=\"0 0 24 24\" style=\"enable-background:new 0 0 24 24;\" xml:space=\"preserve\">\r\n\r\n<g fill=\"#5E6D77\">\r\n    <path d=\"M12,23.25C5.797,23.25,0.75,18.203,0.75,12C0.75,5.797,5.797,0.75,12,0.75c6.203,0,11.25,5.047,11.25,11.25        C23.25,18.203,18.203,23.25,12,23.25z M12,2.25c-5.376,0-9.75,4.374-9.75,9.75s4.374,9.75,9.75,9.75s9.75-4.374,9.75-9.75        S17.376,2.25,12,2.25z\"\/>\r\n    <path d=\"M15.75,16.5c-0.2,0-0.389-0.078-0.53-0.22l-2.25-2.25c-0.302,0.145-0.632,0.22-0.969,0.22c-1.241,0-2.25-1.009-2.25-2.25        c0-0.96,0.615-1.808,1.5-2.121V5.25c0-0.414,0.336-0.75,0.75-0.75s0.75,0.336,0.75,0.75v4.629c0.885,0.314,1.5,1.162,1.5,2.121        c0,0.338-0.075,0.668-0.22,0.969l2.25,2.25c0.292,0.292,0.292,0.768,0,1.061C16.139,16.422,15.95,16.5,15.75,16.5z M12,11.25        c-0.414,0-0.75,0.336-0.75,0.75s0.336,0.75,0.75,0.75s0.75-0.336,0.75-0.75S12.414,11.25,12,11.25z\"\/>\r\n<\/g>\r\n<\/svg><\/i>                                 1 day                            <\/div>\r\n                                                                                <div class=\"price-wrapper d-none d-sm-block d-md-block d-lg-block service-duration\">\r\n                                <i class=\"input-icon st-border-radius field-icon fa\"><svg height=\"17px\" width=\"17px\" version=\"1.1\" xmlns=\"http:\/\/www.w3.org\/2000\/svg\" xmlns:xlink=\"http:\/\/www.w3.org\/1999\/xlink\" x=\"0px\" y=\"0px\"\r\n     viewbox=\"0 0 24 24\" style=\"enable-background:new 0 0 24 24;\" xml:space=\"preserve\">\r\n\r\n<g fill=\"#5E6D77\">\r\n    <path d=\"M12,23.25C5.797,23.25,0.75,18.203,0.75,12C0.75,5.797,5.797,0.75,12,0.75c6.203,0,11.25,5.047,11.25,11.25        C23.25,18.203,18.203,23.25,12,23.25z M12,2.25c-5.376,0-9.75,4.374-9.75,9.75s4.374,9.75,9.75,9.75s9.75-4.374,9.75-9.75        S17.376,2.25,12,2.25z\"\/>\r\n    <path d=\"M15.75,16.5c-0.2,0-0.389-0.078-0.53-0.22l-2.25-2.25c-0.302,0.145-0.632,0.22-0.969,0.22c-1.241,0-2.25-1.009-2.25-2.25        c0-0.96,0.615-1.808,1.5-2.121V5.25c0-0.414,0.336-0.75,0.75-0.75s0.75,0.336,0.75,0.75v4.629c0.885,0.314,1.5,1.162,1.5,2.121        c0,0.338-0.075,0.668-0.22,0.969l2.25,2.25c0.292,0.292,0.292,0.768,0,1.061C16.139,16.422,15.95,16.5,15.75,16.5z M12,11.25        c-0.414,0-0.75,0.336-0.75,0.75s0.336,0.75,0.75,0.75s0.75-0.336,0.75-0.75S12.414,11.25,12,11.25z\"\/>\r\n<\/g>\r\n<\/svg><\/i>                                 1 day                            <\/div>\r\n                            \r\n                        <div class=\"price-wrapper d-none d-sm-block d-md-block d-lg-block service-type\">\r\n                            <i class=\"input-icon st-border-radius field-icon fa\"><svg width=\"17px\" height=\"17px\" viewbox=\"0 0 34 34\" version=\"1.1\" xmlns=\"http:\/\/www.w3.org\/2000\/svg\" xmlns:xlink=\"http:\/\/www.w3.org\/1999\/xlink\">\r\n    <!-- Generator: Sketch 49 (51002) - http:\/\/www.bohemiancoding.com\/sketch -->\r\n    \r\n    <defs><\/defs>\r\n    <g id=\"Page-1\" stroke=\"none\" stroke-width=\"1\" fill=\"none\" fill-rule=\"evenodd\" stroke-linecap=\"round\" stroke-linejoin=\"round\">\r\n        <g id=\"Tour_Detail_1\" transform=\"translate(-335.000000, -1005.000000)\" stroke=\"#000000\">\r\n            <g id=\"tour-detail\" transform=\"translate(0.000000, 211.000000)\">\r\n                <g id=\"feauture\" transform=\"translate(135.000000, 765.000000)\">\r\n                    <g transform=\"translate(201.000000, 25.000000)\">\r\n                        <g id=\"ico_tour_type\" transform=\"translate(0.000000, 5.000000)\">\r\n                            <path d=\"M13.4810667,23.7283556 C13.7772954,25.6164963 13.043711,27.5192464 11.5566476,28.7198584 C10.0695841,29.9204704 8.05496197,30.2365427 6.27166976,29.549014 C4.48837756,28.8614852 3.20733983,27.2748074 2.91111111,25.3866667 L2.74613333,24.3299556 C2.65661545,23.7692095 2.79434998,23.1959129 3.12883306,22.7370331 C3.46331614,22.2781533 3.96694361,21.9715605 4.52817778,21.8851556 L10.8712889,20.8896 C11.432035,20.8000821 12.0053315,20.9378166 12.4642113,21.2722997 C12.9230912,21.6067828 13.2296839,22.1104103 13.3160889,22.6716444 L13.4810667,23.7283556 Z\"><\/path>\r\n                            <path d=\"M5.11555556,0.1408 C1.71134814,0.982901045 -0.457506858,4.31950538 0.154844444,7.77244444 L1.41777778,15.8691556 C1.60071,17.0365699 2.69505968,17.8348913 3.86257778,17.6526222 L10.2042667,16.6570667 C10.7657612,16.571 11.2697435,16.2645497 11.6045222,15.8056305 C11.9393009,15.3467113 12.0772269,14.7732252 11.9877333,14.2122667 L11.9592889,14.0088889 C11.7659953,12.7663569 11.9436025,11.4944126 12.4698667,10.3523556 C12.9981751,9.20988894 13.1758566,7.93642212 12.9804444,6.69297778 L12.7827556,5.4272 C12.5097684,3.68767687 11.5342848,2.1366314 10.0846439,1.13712946 C8.63500309,0.137627517 6.8384634,-0.222588541 5.11555556,0.1408 Z\"><\/path>\r\n                            <path d=\"M18.2583111,25.6995556 C17.8428835,28.5534868 19.7641913,31.223136 22.6023163,31.7355326 C25.4404413,32.2479292 28.1739846,30.4186694 28.7827556,27.5996444 L28.9719111,26.5457778 C29.1807578,25.3831626 28.4089448,24.2709374 27.2467556,24.0597333 L20.9292444,22.9219556 C20.3703881,22.8193233 19.7936791,22.9438755 19.3269888,23.2679956 C18.8602984,23.5921158 18.5421913,24.0890206 18.4432,24.6485333 L18.2583111,25.6995556 Z\"><\/path>\r\n                            <path d=\"M27.1770667,2.31253333 C30.5568647,3.23734789 32.6432678,6.62146013 31.9514667,10.0565333 L30.4965333,18.1233778 C30.3971763,18.68204 30.079348,19.1781018 29.6133417,19.5018508 C29.1473353,19.8255998 28.5715511,19.9503581 28.0133333,19.8485333 L21.6958222,18.7107556 C21.1363095,18.6117642 20.6394047,18.2936571 20.3152845,17.8269668 C19.9911643,17.3602764 19.8666122,16.7835675 19.9692444,16.2247111 L20.0062222,16.0170667 C20.2290597,14.7795819 20.0806008,13.5038248 19.5795556,12.3505778 C19.0784767,11.1968384 18.9300215,9.92061854 19.1528889,8.68266667 L19.3804444,7.42257778 C19.6924113,5.68717624 20.7045511,4.15653375 22.1792495,3.18999024 C23.6539479,2.22344673 25.4613226,1.90612953 27.1770667,2.31253333 Z\"><\/path>\r\n                        <\/g>\r\n                    <\/g>\r\n                <\/g>\r\n            <\/g>\r\n        <\/g>\r\n    <\/g>\r\n<\/svg><\/i>Biodiversity                        <\/div>\r\n                    <\/div>\r\n\r\n                    <div class=\"st-list-footer w-100\">\r\n                        <div class=\"price-wrapper w-100 service-type d-sm-block d-md-block d-lg-block\">\r\n                            <span class=\"price-tour\">\r\n                                <span class=\"price d-inline-block\"><span class=\"sale-top\">From<span class=\"text-lg lh1em item\"> $185,00<\/span><\/span><\/span>\r\n                            <\/span>\r\n                        <\/div>\r\n                        <div class=\"service-type type-btn-view-more\">\r\n                            <a href=\"https:\/\/amazonjungletrips.com.co\/en\/st_tour\/reserva-natural-zacambu-rainforest-lodge\/\" class=\"view-detail w-100\">View details<\/a>\r\n                        <\/div>\r\n\r\n                                            <\/div>\r\n\r\n                <\/div>\r\n\r\n            <\/div>\r\n        <\/div>\r\n\r\n    <\/div>\r\n<\/div>\r\n<\/div><\/div>    <\/div>\r\n\t\t\t\t<\/div>\n\t\t\t\t<\/div>\n\t\t\t\t\t<\/div>\n\t\t<\/div>\n\t\t\t\t\t<\/div>\n\t\t<\/section>\n\t\t\t\t<\/div>","protected":false},"excerpt":{"rendered":"<p>Reserva Natural Zacambu Rainforest Lodge 0 (No Review) Este tour ofrece una experiencia \u00fanica de biodiversidad, conservaci\u00f3n, gastronom\u00eda y bienestar experiencial en la &#8230; 1 d\u00eda 1 d\u00eda Biodiversidad $0,00 View details Tour de un d\u00eda &#8211; Puerto Nari\u00f1o 0 (No Review) Iniciamos el recorrido en Leticia a las 8 am, navegando el gigantesco r\u00edo [&hellip;]<\/p>","protected":false},"author":1,"featured_media":11055,"parent":0,"menu_order":0,"comment_status":"closed","ping_status":"closed","template":"","meta":{"footnotes":""},"class_list":["post-10948","page","type-page","status-publish","has-post-thumbnail","hentry"],"yoast_head":"<!-- This site is optimized with the Yoast SEO plugin v24.6 - https:\/\/yoast.com\/wordpress\/plugins\/seo\/ -->\n<title>Aventuras de un d\u00eda - Amazon Jungle Trips<\/title>\n<meta name=\"robots\" content=\"index, follow, max-snippet:-1, max-image-preview:large, max-video-preview:-1\" \/>\n<link rel=\"canonical\" href=\"https:\/\/amazonjungletrips.com.co\/en\/un-dia\/\" \/>\n<meta property=\"og:locale\" content=\"en_US\" \/>\n<meta property=\"og:type\" content=\"article\" \/>\n<meta property=\"og:title\" content=\"Aventuras de un d\u00eda - Amazon Jungle Trips\" \/>\n<meta property=\"og:description\" content=\"Reserva Natural Zacambu Rainforest Lodge 0 (No Review) Este tour ofrece una experiencia \u00fanica de biodiversidad, conservaci\u00f3n, gastronom\u00eda y bienestar experiencial en la &#8230; 1 d\u00eda 1 d\u00eda Biodiversidad $0,00 View details Tour de un d\u00eda &#8211; Puerto Nari\u00f1o 0 (No Review) Iniciamos el recorrido en Leticia a las 8 am, navegando el gigantesco r\u00edo [&hellip;]\" \/>\n<meta property=\"og:url\" content=\"https:\/\/amazonjungletrips.com.co\/en\/un-dia\/\" \/>\n<meta property=\"og:site_name\" content=\"Amazon Jungle Trips\" \/>\n<meta property=\"article:modified_time\" content=\"2024-06-07T15:08:46+00:00\" \/>\n<meta property=\"og:image\" content=\"https:\/\/amazonjungletrips.com.co\/wp-content\/uploads\/2024\/06\/Rectangle-21.png\" \/>\n\t<meta property=\"og:image:width\" content=\"1140\" \/>\n\t<meta property=\"og:image:height\" content=\"300\" \/>\n\t<meta property=\"og:image:type\" content=\"image\/png\" \/>\n<meta name=\"twitter:card\" content=\"summary_large_image\" \/>\n<script type=\"application\/ld+json\" class=\"yoast-schema-graph\">{\"@context\":\"https:\/\/schema.org\",\"@graph\":[{\"@type\":\"WebPage\",\"@id\":\"https:\/\/amazonjungletrips.com.co\/un-dia\/\",\"url\":\"https:\/\/amazonjungletrips.com.co\/un-dia\/\",\"name\":\"Aventuras de un d\u00eda - Amazon Jungle Trips\",\"isPartOf\":{\"@id\":\"https:\/\/amazonjungletrips.com.co\/#website\"},\"primaryImageOfPage\":{\"@id\":\"https:\/\/amazonjungletrips.com.co\/un-dia\/#primaryimage\"},\"image\":{\"@id\":\"https:\/\/amazonjungletrips.com.co\/un-dia\/#primaryimage\"},\"thumbnailUrl\":\"https:\/\/amazonjungletrips.com.co\/wp-content\/uploads\/2024\/06\/Rectangle-21.png\",\"datePublished\":\"2024-06-06T20:54:15+00:00\",\"dateModified\":\"2024-06-07T15:08:46+00:00\",\"breadcrumb\":{\"@id\":\"https:\/\/amazonjungletrips.com.co\/un-dia\/#breadcrumb\"},\"inLanguage\":\"en-US\",\"potentialAction\":[{\"@type\":\"ReadAction\",\"target\":[\"https:\/\/amazonjungletrips.com.co\/un-dia\/\"]}]},{\"@type\":\"ImageObject\",\"inLanguage\":\"en-US\",\"@id\":\"https:\/\/amazonjungletrips.com.co\/un-dia\/#primaryimage\",\"url\":\"https:\/\/amazonjungletrips.com.co\/wp-content\/uploads\/2024\/06\/Rectangle-21.png\",\"contentUrl\":\"https:\/\/amazonjungletrips.com.co\/wp-content\/uploads\/2024\/06\/Rectangle-21.png\",\"width\":1140,\"height\":300},{\"@type\":\"BreadcrumbList\",\"@id\":\"https:\/\/amazonjungletrips.com.co\/un-dia\/#breadcrumb\",\"itemListElement\":[{\"@type\":\"ListItem\",\"position\":1,\"name\":\"Portada\",\"item\":\"https:\/\/amazonjungletrips.com.co\/\"},{\"@type\":\"ListItem\",\"position\":2,\"name\":\"Aventuras de un d\u00eda\"}]},{\"@type\":\"WebSite\",\"@id\":\"https:\/\/amazonjungletrips.com.co\/#website\",\"url\":\"https:\/\/amazonjungletrips.com.co\/\",\"name\":\"Amazon Jungle Trips\",\"description\":\"Traveler\",\"publisher\":{\"@id\":\"https:\/\/amazonjungletrips.com.co\/#organization\"},\"potentialAction\":[{\"@type\":\"SearchAction\",\"target\":{\"@type\":\"EntryPoint\",\"urlTemplate\":\"https:\/\/amazonjungletrips.com.co\/?s={search_term_string}\"},\"query-input\":{\"@type\":\"PropertyValueSpecification\",\"valueRequired\":true,\"valueName\":\"search_term_string\"}}],\"inLanguage\":\"en-US\"},{\"@type\":\"Organization\",\"@id\":\"https:\/\/amazonjungletrips.com.co\/#organization\",\"name\":\"Amazon Jungle Trips\",\"url\":\"https:\/\/amazonjungletrips.com.co\/\",\"logo\":{\"@type\":\"ImageObject\",\"inLanguage\":\"en-US\",\"@id\":\"https:\/\/amazonjungletrips.com.co\/#\/schema\/logo\/image\/\",\"url\":\"https:\/\/amazonjungletrips.com.co\/wp-content\/uploads\/2024\/06\/image-26-2.png\",\"contentUrl\":\"https:\/\/amazonjungletrips.com.co\/wp-content\/uploads\/2024\/06\/image-26-2.png\",\"width\":80,\"height\":88,\"caption\":\"Amazon Jungle Trips\"},\"image\":{\"@id\":\"https:\/\/amazonjungletrips.com.co\/#\/schema\/logo\/image\/\"}}]}<\/script>\n<!-- \/ Yoast SEO plugin. -->","yoast_head_json":{"title":"Aventuras de un d\u00eda - Amazon Jungle Trips","robots":{"index":"index","follow":"follow","max-snippet":"max-snippet:-1","max-image-preview":"max-image-preview:large","max-video-preview":"max-video-preview:-1"},"canonical":"https:\/\/amazonjungletrips.com.co\/en\/un-dia\/","og_locale":"en_US","og_type":"article","og_title":"Aventuras de un d\u00eda - Amazon Jungle Trips","og_description":"Reserva Natural Zacambu Rainforest Lodge 0 (No Review) Este tour ofrece una experiencia \u00fanica de biodiversidad, conservaci\u00f3n, gastronom\u00eda y bienestar experiencial en la &#8230; 1 d\u00eda 1 d\u00eda Biodiversidad $0,00 View details Tour de un d\u00eda &#8211; Puerto Nari\u00f1o 0 (No Review) Iniciamos el recorrido en Leticia a las 8 am, navegando el gigantesco r\u00edo [&hellip;]","og_url":"https:\/\/amazonjungletrips.com.co\/en\/un-dia\/","og_site_name":"Amazon Jungle Trips","article_modified_time":"2024-06-07T15:08:46+00:00","og_image":[{"width":1140,"height":300,"url":"https:\/\/amazonjungletrips.com.co\/wp-content\/uploads\/2024\/06\/Rectangle-21.png","type":"image\/png"}],"twitter_card":"summary_large_image","schema":{"@context":"https:\/\/schema.org","@graph":[{"@type":"WebPage","@id":"https:\/\/amazonjungletrips.com.co\/un-dia\/","url":"https:\/\/amazonjungletrips.com.co\/un-dia\/","name":"Aventuras de un d\u00eda - Amazon Jungle Trips","isPartOf":{"@id":"https:\/\/amazonjungletrips.com.co\/#website"},"primaryImageOfPage":{"@id":"https:\/\/amazonjungletrips.com.co\/un-dia\/#primaryimage"},"image":{"@id":"https:\/\/amazonjungletrips.com.co\/un-dia\/#primaryimage"},"thumbnailUrl":"https:\/\/amazonjungletrips.com.co\/wp-content\/uploads\/2024\/06\/Rectangle-21.png","datePublished":"2024-06-06T20:54:15+00:00","dateModified":"2024-06-07T15:08:46+00:00","breadcrumb":{"@id":"https:\/\/amazonjungletrips.com.co\/un-dia\/#breadcrumb"},"inLanguage":"en-US","potentialAction":[{"@type":"ReadAction","target":["https:\/\/amazonjungletrips.com.co\/un-dia\/"]}]},{"@type":"ImageObject","inLanguage":"en-US","@id":"https:\/\/amazonjungletrips.com.co\/un-dia\/#primaryimage","url":"https:\/\/amazonjungletrips.com.co\/wp-content\/uploads\/2024\/06\/Rectangle-21.png","contentUrl":"https:\/\/amazonjungletrips.com.co\/wp-content\/uploads\/2024\/06\/Rectangle-21.png","width":1140,"height":300},{"@type":"BreadcrumbList","@id":"https:\/\/amazonjungletrips.com.co\/un-dia\/#breadcrumb","itemListElement":[{"@type":"ListItem","position":1,"name":"Portada","item":"https:\/\/amazonjungletrips.com.co\/"},{"@type":"ListItem","position":2,"name":"Aventuras de un d\u00eda"}]},{"@type":"WebSite","@id":"https:\/\/amazonjungletrips.com.co\/#website","url":"https:\/\/amazonjungletrips.com.co\/","name":"Amazon Jungle Trips","description":"Traveler","publisher":{"@id":"https:\/\/amazonjungletrips.com.co\/#organization"},"potentialAction":[{"@type":"SearchAction","target":{"@type":"EntryPoint","urlTemplate":"https:\/\/amazonjungletrips.com.co\/?s={search_term_string}"},"query-input":{"@type":"PropertyValueSpecification","valueRequired":true,"valueName":"search_term_string"}}],"inLanguage":"en-US"},{"@type":"Organization","@id":"https:\/\/amazonjungletrips.com.co\/#organization","name":"Amazon Jungle Trips","url":"https:\/\/amazonjungletrips.com.co\/","logo":{"@type":"ImageObject","inLanguage":"en-US","@id":"https:\/\/amazonjungletrips.com.co\/#\/schema\/logo\/image\/","url":"https:\/\/amazonjungletrips.com.co\/wp-content\/uploads\/2024\/06\/image-26-2.png","contentUrl":"https:\/\/amazonjungletrips.com.co\/wp-content\/uploads\/2024\/06\/image-26-2.png","width":80,"height":88,"caption":"Amazon Jungle Trips"},"image":{"@id":"https:\/\/amazonjungletrips.com.co\/#\/schema\/logo\/image\/"}}]}},"_links":{"self":[{"href":"https:\/\/amazonjungletrips.com.co\/en\/wp-json\/wp\/v2\/pages\/10948","targetHints":{"allow":["GET"]}}],"collection":[{"href":"https:\/\/amazonjungletrips.com.co\/en\/wp-json\/wp\/v2\/pages"}],"about":[{"href":"https:\/\/amazonjungletrips.com.co\/en\/wp-json\/wp\/v2\/types\/page"}],"author":[{"embeddable":true,"href":"https:\/\/amazonjungletrips.com.co\/en\/wp-json\/wp\/v2\/users\/1"}],"replies":[{"embeddable":true,"href":"https:\/\/amazonjungletrips.com.co\/en\/wp-json\/wp\/v2\/comments?post=10948"}],"version-history":[{"count":11,"href":"https:\/\/amazonjungletrips.com.co\/en\/wp-json\/wp\/v2\/pages\/10948\/revisions"}],"predecessor-version":[{"id":11127,"href":"https:\/\/amazonjungletrips.com.co\/en\/wp-json\/wp\/v2\/pages\/10948\/revisions\/11127"}],"wp:featuredmedia":[{"embeddable":true,"href":"https:\/\/amazonjungletrips.com.co\/en\/wp-json\/wp\/v2\/media\/11055"}],"wp:attachment":[{"href":"https:\/\/amazonjungletrips.com.co\/en\/wp-json\/wp\/v2\/media?parent=10948"}],"curies":[{"name":"wp","href":"https:\/\/api.w.org\/{rel}","templated":true}]}}