{"id":11220,"date":"2024-06-30T10:34:00","date_gmt":"2024-06-30T15:34:00","guid":{"rendered":"https:\/\/amazonjungletrips.com.co\/?page_id=11220"},"modified":"2024-06-30T11:30:18","modified_gmt":"2024-06-30T16:30:18","slug":"contra-la-explotacion-y-pornografia-infantil","status":"publish","type":"page","link":"https:\/\/amazonjungletrips.com.co\/en\/contra-la-explotacion-y-pornografia-infantil\/","title":{"rendered":"CONTRA LA EXPLOTACION Y PORNOGRAFIA INFANTIL"},"content":{"rendered":"<div data-elementor-type=\"wp-page\" data-elementor-id=\"11220\" class=\"elementor elementor-11220\" data-elementor-post-type=\"page\">\n\t\t\t\t<div class=\"elementor-element elementor-element-19503ed e-con-full e-flex e-con e-parent\" data-id=\"19503ed\" data-element_type=\"container\">\n\t\t\t\t<div class=\"elementor-element elementor-element-4d0696d elementor-widget elementor-widget-spacer\" data-id=\"4d0696d\" data-element_type=\"widget\" data-widget_type=\"spacer.default\">\n\t\t\t\t<div class=\"elementor-widget-container\">\n\t\t\t\t\t\t\t<div class=\"elementor-spacer\">\n\t\t\t<div class=\"elementor-spacer-inner\"><\/div>\n\t\t<\/div>\n\t\t\t\t\t\t<\/div>\n\t\t\t\t<\/div>\n\t\t\t\t<div class=\"elementor-element elementor-element-f19e2e6 elementor-widget elementor-widget-html\" data-id=\"f19e2e6\" data-element_type=\"widget\" data-widget_type=\"html.default\">\n\t\t\t\t<div class=\"elementor-widget-container\">\n\t\t\t\t\t<h1>CONTRA LA EXPLOTACI\u00d3N Y PORNOGRAF\u00cdA INFANTIL<\/h1>\n<br>\n\n    <p>De acuerdo con la Ley 679 del 3 de Agosto de 2001 expedida por El Congreso de la Rep\u00fablica, con la cual se dictan disposiciones para prevenir y contrarrestar la explotaci\u00f3n, la pornograf\u00eda y el turismo sexual con menores de edad.<\/p>\n    \n    <p>De acuerdo con lo establecido en dicha Ley, todas las personas deben prevenir, bloquear, combatir y denunciar la explotaci\u00f3n, alojamiento, uso, publicaci\u00f3n, difusi\u00f3n de im\u00e1genes, textos, documentos, archivos audiovisuales, uso indebido de redes globales de informaci\u00f3n, o el establecimiento de v\u00ednculos telem\u00e1ticos de cualquier clase relacionados con material pornogr\u00e1fico o alusivo a actividades sexuales de menores de edad.<\/p>\n    \n    <p>En desarrollo de lo dispuesto en el art\u00edculo 17 de la Ley 679 de 2001, la agencia advierte al turista que la explotaci\u00f3n y el abuso sexual de menores de edad en el pa\u00eds son sancionados penal y administrativamente, conforme a las leyes vigentes. As\u00ed mismo y con el fin de dar cumplimiento a la Resoluci\u00f3n 3840 del 24 de diciembre de 2009 y seg\u00fan el Art\u00edculo 1 de la Ley 1336 del 21 de julio de 2009, Aviatur S.A. y Aviatur Inc. adoptaron un modelo de C\u00f3digo de Conducta, con el fin de prevenir e impedir la explotaci\u00f3n sexual de ni\u00f1os, ni\u00f1as y adolescentes en la actividad tur\u00edstica.<\/p>\t\t\t\t<\/div>\n\t\t\t\t<\/div>\n\t\t\t\t<div class=\"elementor-element elementor-element-ec68922 elementor-widget elementor-widget-spacer\" data-id=\"ec68922\" data-element_type=\"widget\" data-widget_type=\"spacer.default\">\n\t\t\t\t<div class=\"elementor-widget-container\">\n\t\t\t\t\t\t\t<div class=\"elementor-spacer\">\n\t\t\t<div class=\"elementor-spacer-inner\"><\/div>\n\t\t<\/div>\n\t\t\t\t\t\t<\/div>\n\t\t\t\t<\/div>\n\t\t\t\t<\/div>\n\t\t\t\t<\/div>","protected":false},"excerpt":{"rendered":"<p>CONTRA LA EXPLOTACI\u00d3N Y PORNOGRAF\u00cdA INFANTIL De acuerdo con la Ley 679 del 3 de Agosto de 2001 expedida por El Congreso de la Rep\u00fablica, con la cual se dictan disposiciones para prevenir y contrarrestar la explotaci\u00f3n, la pornograf\u00eda y el turismo sexual con menores de edad. De acuerdo con lo establecido en dicha Ley, [&hellip;]<\/p>","protected":false},"author":1,"featured_media":0,"parent":0,"menu_order":0,"comment_status":"closed","ping_status":"closed","template":"template-home.php","meta":{"footnotes":""},"class_list":["post-11220","page","type-page","status-publish","has-post-thumbnail","hentry"],"yoast_head":"<!-- This site is optimized with the Yoast SEO plugin v24.6 - https:\/\/yoast.com\/wordpress\/plugins\/seo\/ -->\n<title>CONTRA LA EXPLOTACION Y PORNOGRAFIA INFANTIL - Amazon Jungle Trips<\/title>\n<meta name=\"robots\" content=\"index, follow, max-snippet:-1, max-image-preview:large, max-video-preview:-1\" \/>\n<link rel=\"canonical\" href=\"https:\/\/amazonjungletrips.com.co\/en\/contra-la-explotacion-y-pornografia-infantil\/\" \/>\n<meta property=\"og:locale\" content=\"en_US\" \/>\n<meta property=\"og:type\" content=\"article\" \/>\n<meta property=\"og:title\" content=\"CONTRA LA EXPLOTACION Y PORNOGRAFIA INFANTIL - Amazon Jungle Trips\" \/>\n<meta property=\"og:description\" content=\"CONTRA LA EXPLOTACI\u00d3N Y PORNOGRAF\u00cdA INFANTIL De acuerdo con la Ley 679 del 3 de Agosto de 2001 expedida por El Congreso de la Rep\u00fablica, con la cual se dictan disposiciones para prevenir y contrarrestar la explotaci\u00f3n, la pornograf\u00eda y el turismo sexual con menores de edad. De acuerdo con lo establecido en dicha Ley, [&hellip;]\" \/>\n<meta property=\"og:url\" content=\"https:\/\/amazonjungletrips.com.co\/en\/contra-la-explotacion-y-pornografia-infantil\/\" \/>\n<meta property=\"og:site_name\" content=\"Amazon Jungle Trips\" \/>\n<meta property=\"article:modified_time\" content=\"2024-06-30T16:30:18+00:00\" \/>\n<meta name=\"twitter:card\" content=\"summary_large_image\" \/>\n<meta name=\"twitter:label1\" content=\"Est. reading time\" \/>\n\t<meta name=\"twitter:data1\" content=\"1 minute\" \/>\n<script type=\"application\/ld+json\" class=\"yoast-schema-graph\">{\"@context\":\"https:\/\/schema.org\",\"@graph\":[{\"@type\":\"WebPage\",\"@id\":\"https:\/\/amazonjungletrips.com.co\/contra-la-explotacion-y-pornografia-infantil\/\",\"url\":\"https:\/\/amazonjungletrips.com.co\/contra-la-explotacion-y-pornografia-infantil\/\",\"name\":\"CONTRA LA EXPLOTACION Y PORNOGRAFIA INFANTIL - Amazon Jungle Trips\",\"isPartOf\":{\"@id\":\"https:\/\/amazonjungletrips.com.co\/#website\"},\"datePublished\":\"2024-06-30T15:34:00+00:00\",\"dateModified\":\"2024-06-30T16:30:18+00:00\",\"breadcrumb\":{\"@id\":\"https:\/\/amazonjungletrips.com.co\/contra-la-explotacion-y-pornografia-infantil\/#breadcrumb\"},\"inLanguage\":\"en-US\",\"potentialAction\":[{\"@type\":\"ReadAction\",\"target\":[\"https:\/\/amazonjungletrips.com.co\/contra-la-explotacion-y-pornografia-infantil\/\"]}]},{\"@type\":\"BreadcrumbList\",\"@id\":\"https:\/\/amazonjungletrips.com.co\/contra-la-explotacion-y-pornografia-infantil\/#breadcrumb\",\"itemListElement\":[{\"@type\":\"ListItem\",\"position\":1,\"name\":\"Portada\",\"item\":\"https:\/\/amazonjungletrips.com.co\/\"},{\"@type\":\"ListItem\",\"position\":2,\"name\":\"CONTRA LA EXPLOTACION Y PORNOGRAFIA INFANTIL\"}]},{\"@type\":\"WebSite\",\"@id\":\"https:\/\/amazonjungletrips.com.co\/#website\",\"url\":\"https:\/\/amazonjungletrips.com.co\/\",\"name\":\"Amazon Jungle Trips\",\"description\":\"Traveler\",\"publisher\":{\"@id\":\"https:\/\/amazonjungletrips.com.co\/#organization\"},\"potentialAction\":[{\"@type\":\"SearchAction\",\"target\":{\"@type\":\"EntryPoint\",\"urlTemplate\":\"https:\/\/amazonjungletrips.com.co\/?s={search_term_string}\"},\"query-input\":{\"@type\":\"PropertyValueSpecification\",\"valueRequired\":true,\"valueName\":\"search_term_string\"}}],\"inLanguage\":\"en-US\"},{\"@type\":\"Organization\",\"@id\":\"https:\/\/amazonjungletrips.com.co\/#organization\",\"name\":\"Amazon Jungle Trips\",\"url\":\"https:\/\/amazonjungletrips.com.co\/\",\"logo\":{\"@type\":\"ImageObject\",\"inLanguage\":\"en-US\",\"@id\":\"https:\/\/amazonjungletrips.com.co\/#\/schema\/logo\/image\/\",\"url\":\"https:\/\/amazonjungletrips.com.co\/wp-content\/uploads\/2024\/06\/image-26-2.png\",\"contentUrl\":\"https:\/\/amazonjungletrips.com.co\/wp-content\/uploads\/2024\/06\/image-26-2.png\",\"width\":80,\"height\":88,\"caption\":\"Amazon Jungle Trips\"},\"image\":{\"@id\":\"https:\/\/amazonjungletrips.com.co\/#\/schema\/logo\/image\/\"}}]}<\/script>\n<!-- \/ Yoast SEO plugin. -->","yoast_head_json":{"title":"CONTRA LA EXPLOTACION Y PORNOGRAFIA INFANTIL - Amazon Jungle Trips","robots":{"index":"index","follow":"follow","max-snippet":"max-snippet:-1","max-image-preview":"max-image-preview:large","max-video-preview":"max-video-preview:-1"},"canonical":"https:\/\/amazonjungletrips.com.co\/en\/contra-la-explotacion-y-pornografia-infantil\/","og_locale":"en_US","og_type":"article","og_title":"CONTRA LA EXPLOTACION Y PORNOGRAFIA INFANTIL - Amazon Jungle Trips","og_description":"CONTRA LA EXPLOTACI\u00d3N Y PORNOGRAF\u00cdA INFANTIL De acuerdo con la Ley 679 del 3 de Agosto de 2001 expedida por El Congreso de la Rep\u00fablica, con la cual se dictan disposiciones para prevenir y contrarrestar la explotaci\u00f3n, la pornograf\u00eda y el turismo sexual con menores de edad. De acuerdo con lo establecido en dicha Ley, [&hellip;]","og_url":"https:\/\/amazonjungletrips.com.co\/en\/contra-la-explotacion-y-pornografia-infantil\/","og_site_name":"Amazon Jungle Trips","article_modified_time":"2024-06-30T16:30:18+00:00","twitter_card":"summary_large_image","twitter_misc":{"Est. reading time":"1 minute"},"schema":{"@context":"https:\/\/schema.org","@graph":[{"@type":"WebPage","@id":"https:\/\/amazonjungletrips.com.co\/contra-la-explotacion-y-pornografia-infantil\/","url":"https:\/\/amazonjungletrips.com.co\/contra-la-explotacion-y-pornografia-infantil\/","name":"CONTRA LA EXPLOTACION Y PORNOGRAFIA INFANTIL - Amazon Jungle Trips","isPartOf":{"@id":"https:\/\/amazonjungletrips.com.co\/#website"},"datePublished":"2024-06-30T15:34:00+00:00","dateModified":"2024-06-30T16:30:18+00:00","breadcrumb":{"@id":"https:\/\/amazonjungletrips.com.co\/contra-la-explotacion-y-pornografia-infantil\/#breadcrumb"},"inLanguage":"en-US","potentialAction":[{"@type":"ReadAction","target":["https:\/\/amazonjungletrips.com.co\/contra-la-explotacion-y-pornografia-infantil\/"]}]},{"@type":"BreadcrumbList","@id":"https:\/\/amazonjungletrips.com.co\/contra-la-explotacion-y-pornografia-infantil\/#breadcrumb","itemListElement":[{"@type":"ListItem","position":1,"name":"Portada","item":"https:\/\/amazonjungletrips.com.co\/"},{"@type":"ListItem","position":2,"name":"CONTRA LA EXPLOTACION Y PORNOGRAFIA INFANTIL"}]},{"@type":"WebSite","@id":"https:\/\/amazonjungletrips.com.co\/#website","url":"https:\/\/amazonjungletrips.com.co\/","name":"Amazon Jungle Trips","description":"Traveler","publisher":{"@id":"https:\/\/amazonjungletrips.com.co\/#organization"},"potentialAction":[{"@type":"SearchAction","target":{"@type":"EntryPoint","urlTemplate":"https:\/\/amazonjungletrips.com.co\/?s={search_term_string}"},"query-input":{"@type":"PropertyValueSpecification","valueRequired":true,"valueName":"search_term_string"}}],"inLanguage":"en-US"},{"@type":"Organization","@id":"https:\/\/amazonjungletrips.com.co\/#organization","name":"Amazon Jungle Trips","url":"https:\/\/amazonjungletrips.com.co\/","logo":{"@type":"ImageObject","inLanguage":"en-US","@id":"https:\/\/amazonjungletrips.com.co\/#\/schema\/logo\/image\/","url":"https:\/\/amazonjungletrips.com.co\/wp-content\/uploads\/2024\/06\/image-26-2.png","contentUrl":"https:\/\/amazonjungletrips.com.co\/wp-content\/uploads\/2024\/06\/image-26-2.png","width":80,"height":88,"caption":"Amazon Jungle Trips"},"image":{"@id":"https:\/\/amazonjungletrips.com.co\/#\/schema\/logo\/image\/"}}]}},"_links":{"self":[{"href":"https:\/\/amazonjungletrips.com.co\/en\/wp-json\/wp\/v2\/pages\/11220","targetHints":{"allow":["GET"]}}],"collection":[{"href":"https:\/\/amazonjungletrips.com.co\/en\/wp-json\/wp\/v2\/pages"}],"about":[{"href":"https:\/\/amazonjungletrips.com.co\/en\/wp-json\/wp\/v2\/types\/page"}],"author":[{"embeddable":true,"href":"https:\/\/amazonjungletrips.com.co\/en\/wp-json\/wp\/v2\/users\/1"}],"replies":[{"embeddable":true,"href":"https:\/\/amazonjungletrips.com.co\/en\/wp-json\/wp\/v2\/comments?post=11220"}],"version-history":[{"count":4,"href":"https:\/\/amazonjungletrips.com.co\/en\/wp-json\/wp\/v2\/pages\/11220\/revisions"}],"predecessor-version":[{"id":11226,"href":"https:\/\/amazonjungletrips.com.co\/en\/wp-json\/wp\/v2\/pages\/11220\/revisions\/11226"}],"wp:attachment":[{"href":"https:\/\/amazonjungletrips.com.co\/en\/wp-json\/wp\/v2\/media?parent=11220"}],"curies":[{"name":"wp","href":"https:\/\/api.w.org\/{rel}","templated":true}]}}