{"id":11231,"date":"2024-06-30T12:31:38","date_gmt":"2024-06-30T17:31:38","guid":{"rendered":"https:\/\/amazonjungletrips.com.co\/?page_id=11231"},"modified":"2024-10-15T22:11:26","modified_gmt":"2024-10-16T03:11:26","slug":"autorizacion-para-el-tratamiento-de-datos-personales","status":"publish","type":"page","link":"https:\/\/amazonjungletrips.com.co\/en\/autorizacion-para-el-tratamiento-de-datos-personales\/","title":{"rendered":"AUTORIZACI\u00d3N PARA EL TRATAMIENTO DE DATOS PERSONALES"},"content":{"rendered":"<div data-elementor-type=\"wp-page\" data-elementor-id=\"11231\" class=\"elementor elementor-11231\" data-elementor-post-type=\"page\">\n\t\t\t\t<div class=\"elementor-element elementor-element-80a6a1a e-con-full e-flex e-con e-parent\" data-id=\"80a6a1a\" data-element_type=\"container\">\n\t\t\t\t<div class=\"elementor-element elementor-element-2d5c854 elementor-widget elementor-widget-spacer\" data-id=\"2d5c854\" data-element_type=\"widget\" data-widget_type=\"spacer.default\">\n\t\t\t\t<div class=\"elementor-widget-container\">\n\t\t\t\t\t\t\t<div class=\"elementor-spacer\">\n\t\t\t<div class=\"elementor-spacer-inner\"><\/div>\n\t\t<\/div>\n\t\t\t\t\t\t<\/div>\n\t\t\t\t<\/div>\n\t\t\t\t<div class=\"elementor-element elementor-element-7e74d64 elementor-widget elementor-widget-html\" data-id=\"7e74d64\" data-element_type=\"widget\" data-widget_type=\"html.default\">\n\t\t\t\t<div class=\"elementor-widget-container\">\n\t\t\t\t\t    <h1>AUTORIZACI\u00d3N PARA EL TRATAMIENTO DE DATOS PERSONALES<\/h1>\n    <br>\n    <p>Conscientes de la importancia que tiene la protecci\u00f3n y el buen manejo de la informaci\u00f3n personal suministrada por sus clientes y proveedores, AMAZON JUNGLE TRIPS ha dise\u00f1ado pol\u00edticas y procedimientos que en conjunto con la presente autorizaci\u00f3n nos permiten hacer un uso adecuado de sus datos personales de conformidad al R\u00e9gimen General de Protecci\u00f3n de Datos Personales, reglamentado por la Constituci\u00f3n Pol\u00edtica Nacional, la Ley 1581 de 2012 y el Decreto 1377 de 2013, que desarrolla los derechos constitucionales que tienen las personas de conocer, actualizar y rectificar todo tipo de informaci\u00f3n que de ellas sea objeto de tratamiento en bases de datos de entidades p\u00fablicas y\/o privadas. Es primordial para AMAZON JUNGLE TRIPS contar con su consentimiento previo, en el que nos faculte a recolectar, recaudar, almacenar, usar, circular, suprimir, procesar, compilar, intercambiar, dar tratamiento, actualizar y disponer de los datos que han sido suministrados y que se han incorporado en distintas bases o bancos de datos, o en repositorios electr\u00f3nicos de todo tipo con que cuentan AMAZON JUNGLE TRIPS.<\/p>\n    \n    <p>Los datos recolectados podr\u00e1n ser usados para:<\/p>\n    <ol>\n        <li>La sustentaci\u00f3n de la relaci\u00f3n contractual en su caso establecida con AMAZON JUNGLE TRIPS.<\/li>\n        <li>La prestaci\u00f3n de servicios relacionados con los productos y servicios ofrecidos, en los que el USUARIO decida suscribirse, darse de alta, consultar o adquirir.<\/li>\n        <li>La realizaci\u00f3n de todas las actividades relacionadas con el servicio y\/o producto, incluyendo la inclusi\u00f3n en una lista de correos electr\u00f3nicos para el env\u00edo del bolet\u00edn (uso comercial).<\/li>\n        <li>Comunicarle sobre cambios de los servicios.<\/li>\n        <li>Procesamiento de sus solicitudes, administraci\u00f3n de actividades, aclaraciones, investigaci\u00f3n y estad\u00edsticas de mercado.<\/li>\n        <li>Mercadeo y venta de nuestros productos y servicios.<\/li>\n        <li>Notificarle sobre nuevos servicios o productos que tengan relaci\u00f3n con los ya contratados o adquiridos.<\/li>\n        <li>La realizaci\u00f3n de cualquier actividad complementaria o auxiliar necesaria para la prestaci\u00f3n de los servicios.<\/li>\n        <li>Elaborar estudios y programas que son necesarios para determinar h\u00e1bitos de consumo.<\/li>\n        <li>Para el afinamiento de los filtros de seguridad y las reglas de negocio en las transacciones comerciales.<\/li>\n        <li>Realizar evaluaciones peri\u00f3dicas de nuestros productos y servicios a efecto de mejorar la calidad de los mismos.<\/li>\n        <li>Evaluar la calidad del servicio que brindamos, y en general, para dar cumplimiento a las obligaciones que hemos contra\u00eddo con usted.<\/li>\n        <li>El env\u00edo, por medios tradicionales y electr\u00f3nicos, de informaci\u00f3n t\u00e9cnica, operativa y comercial acerca de productos y servicios ofrecidos por AMAZON JUNGLE TRIPS o sus asociados o proveedores, actualmente y en el futuro.<\/li>\n        <li>La solicitud de encuestas de satisfacci\u00f3n, que el USUARIO no queda obligado a contestar.<\/li>\n        <li>Y en el desarrollo del objeto social y dem\u00e1s funciones propias de la agencia.<\/li>\n    <\/ol>\n    \n    <p>Si usted nos suministra informaci\u00f3n de personas distintas a usted, certifica con la aceptaci\u00f3n del presente documento que cuenta con la autorizaci\u00f3n expresa de esa o esas personas para entregar sus datos personales. Por lo tanto, no realizaremos ning\u00fan tipo de verificaci\u00f3n y damos por hecho la veracidad, vigencia y autenticidad de cada uno de ellos. En virtud de lo anterior, no asumimos responsabilidad por da\u00f1os y\/o perjuicios de toda naturaleza que pudiera tener origen en la falta de veracidad, homonimia o a la suplantaci\u00f3n de la informaci\u00f3n de la identidad.<\/p>\n    \n    <p>El manejo de esta informaci\u00f3n se realizar\u00e1 de conformidad con la Pol\u00edtica de Privacidad y Tratamiento de los Datos Personales de AMAZON JUNGLE TRIPS, la cual puede ser consultada en nuestra p\u00e1gina web <a href=\"https:\/\/amazonjungletrips.com.co\/en\/\"><\/a> .En este sentido, AMAZON JUNGLE TRIPS quedan autorizadas de manera expresa e inequ\u00edvoca para mantener y manejar toda su informaci\u00f3n y para continuar realizando el tratamiento de la misma con sujeci\u00f3n a lo previsto en dicha pol\u00edtica. Si usted desea que su informaci\u00f3n sea suprimida o modificada lo invitamos para que se ponga en contacto con nosotros a trav\u00e9s del correo electr\u00f3nico <a href=\"mailto:reservas@amazonjungletrips.com.co\">reservas@amazonjungletrips.com.co<\/a><\/p>\n    \n    <h2>Pol\u00edtica de privacidad y tratamiento de los datos personales<\/h2>\n    <p>Su privacidad y confianza son muy importantes para nosotros. Por ello, queremos asegurarnos que conozca c\u00f3mo salvaguardamos la integridad, confidencialidad y disponibilidad, de sus datos personales, en apego a la legislaci\u00f3n colombiana.<\/p>\n    \n    <p>En cumplimiento al Art\u00edculo 10 del Decreto 1377 de 2013, solicitamos su autorizaci\u00f3n para continuar con el tratamiento de sus datos personales con el fin de recolectar, recaudar, almacenar, usar, circular, suprimir, procesar, compilar, intercambiar, dar tratamiento, actualizar, disponer, de los datos personales que usted nos ha suministrado y que han sido incorporados en las bases de datos con las que cuenta AEROVIAJES PAC\u00cdFICO. As\u00ed mismo, usted podr\u00e1 ejercer los derechos de conocer, actualizar, rectificar, suprimir, solicitar prueba de la autorizaci\u00f3n, ser informado del uso de sus datos personales, presentar ante la Superintendencia de Industria y Comercio quejas por infracciones a lo dispuesto en la presente ley y las dem\u00e1s normas que la complementan.<\/p>\t\t\t\t<\/div>\n\t\t\t\t<\/div>\n\t\t\t\t<div class=\"elementor-element elementor-element-b0c3833 elementor-widget elementor-widget-spacer\" data-id=\"b0c3833\" data-element_type=\"widget\" data-widget_type=\"spacer.default\">\n\t\t\t\t<div class=\"elementor-widget-container\">\n\t\t\t\t\t\t\t<div class=\"elementor-spacer\">\n\t\t\t<div class=\"elementor-spacer-inner\"><\/div>\n\t\t<\/div>\n\t\t\t\t\t\t<\/div>\n\t\t\t\t<\/div>\n\t\t\t\t<\/div>\n\t\t\t\t<\/div>","protected":false},"excerpt":{"rendered":"<p>AUTORIZACI\u00d3N PARA EL TRATAMIENTO DE DATOS PERSONALES Conscientes de la importancia que tiene la protecci\u00f3n y el buen manejo de la informaci\u00f3n personal suministrada por sus clientes y proveedores, AMAZON JUNGLE TRIPS ha dise\u00f1ado pol\u00edticas y procedimientos que en conjunto con la presente autorizaci\u00f3n nos permiten hacer un uso adecuado de sus datos personales de [&hellip;]<\/p>","protected":false},"author":1,"featured_media":0,"parent":0,"menu_order":0,"comment_status":"closed","ping_status":"closed","template":"template-home.php","meta":{"footnotes":""},"class_list":["post-11231","page","type-page","status-publish","has-post-thumbnail","hentry"],"yoast_head":"<!-- This site is optimized with the Yoast SEO plugin v24.6 - https:\/\/yoast.com\/wordpress\/plugins\/seo\/ -->\n<title>AUTORIZACI\u00d3N PARA EL TRATAMIENTO DE DATOS PERSONALES - Amazon Jungle Trips<\/title>\n<meta name=\"robots\" content=\"index, follow, max-snippet:-1, max-image-preview:large, max-video-preview:-1\" \/>\n<link rel=\"canonical\" href=\"https:\/\/amazonjungletrips.com.co\/en\/autorizacion-para-el-tratamiento-de-datos-personales\/\" \/>\n<meta property=\"og:locale\" content=\"en_US\" \/>\n<meta property=\"og:type\" content=\"article\" \/>\n<meta property=\"og:title\" content=\"AUTORIZACI\u00d3N PARA EL TRATAMIENTO DE DATOS PERSONALES - Amazon Jungle Trips\" \/>\n<meta property=\"og:description\" content=\"AUTORIZACI\u00d3N PARA EL TRATAMIENTO DE DATOS PERSONALES Conscientes de la importancia que tiene la protecci\u00f3n y el buen manejo de la informaci\u00f3n personal suministrada por sus clientes y proveedores, AMAZON JUNGLE TRIPS ha dise\u00f1ado pol\u00edticas y procedimientos que en conjunto con la presente autorizaci\u00f3n nos permiten hacer un uso adecuado de sus datos personales de [&hellip;]\" \/>\n<meta property=\"og:url\" content=\"https:\/\/amazonjungletrips.com.co\/en\/autorizacion-para-el-tratamiento-de-datos-personales\/\" \/>\n<meta property=\"og:site_name\" content=\"Amazon Jungle Trips\" \/>\n<meta property=\"article:modified_time\" content=\"2024-10-16T03:11:26+00:00\" \/>\n<meta name=\"twitter:card\" content=\"summary_large_image\" \/>\n<meta name=\"twitter:label1\" content=\"Est. reading time\" \/>\n\t<meta name=\"twitter:data1\" content=\"4 minutes\" \/>\n<script type=\"application\/ld+json\" class=\"yoast-schema-graph\">{\"@context\":\"https:\/\/schema.org\",\"@graph\":[{\"@type\":\"WebPage\",\"@id\":\"https:\/\/amazonjungletrips.com.co\/autorizacion-para-el-tratamiento-de-datos-personales\/\",\"url\":\"https:\/\/amazonjungletrips.com.co\/autorizacion-para-el-tratamiento-de-datos-personales\/\",\"name\":\"AUTORIZACI\u00d3N PARA EL TRATAMIENTO DE DATOS PERSONALES - Amazon Jungle Trips\",\"isPartOf\":{\"@id\":\"https:\/\/amazonjungletrips.com.co\/#website\"},\"datePublished\":\"2024-06-30T17:31:38+00:00\",\"dateModified\":\"2024-10-16T03:11:26+00:00\",\"breadcrumb\":{\"@id\":\"https:\/\/amazonjungletrips.com.co\/autorizacion-para-el-tratamiento-de-datos-personales\/#breadcrumb\"},\"inLanguage\":\"en-US\",\"potentialAction\":[{\"@type\":\"ReadAction\",\"target\":[\"https:\/\/amazonjungletrips.com.co\/autorizacion-para-el-tratamiento-de-datos-personales\/\"]}]},{\"@type\":\"BreadcrumbList\",\"@id\":\"https:\/\/amazonjungletrips.com.co\/autorizacion-para-el-tratamiento-de-datos-personales\/#breadcrumb\",\"itemListElement\":[{\"@type\":\"ListItem\",\"position\":1,\"name\":\"Portada\",\"item\":\"https:\/\/amazonjungletrips.com.co\/\"},{\"@type\":\"ListItem\",\"position\":2,\"name\":\"AUTORIZACI\u00d3N PARA EL TRATAMIENTO DE DATOS PERSONALES\"}]},{\"@type\":\"WebSite\",\"@id\":\"https:\/\/amazonjungletrips.com.co\/#website\",\"url\":\"https:\/\/amazonjungletrips.com.co\/\",\"name\":\"Amazon Jungle Trips\",\"description\":\"Traveler\",\"publisher\":{\"@id\":\"https:\/\/amazonjungletrips.com.co\/#organization\"},\"potentialAction\":[{\"@type\":\"SearchAction\",\"target\":{\"@type\":\"EntryPoint\",\"urlTemplate\":\"https:\/\/amazonjungletrips.com.co\/?s={search_term_string}\"},\"query-input\":{\"@type\":\"PropertyValueSpecification\",\"valueRequired\":true,\"valueName\":\"search_term_string\"}}],\"inLanguage\":\"en-US\"},{\"@type\":\"Organization\",\"@id\":\"https:\/\/amazonjungletrips.com.co\/#organization\",\"name\":\"Amazon Jungle Trips\",\"url\":\"https:\/\/amazonjungletrips.com.co\/\",\"logo\":{\"@type\":\"ImageObject\",\"inLanguage\":\"en-US\",\"@id\":\"https:\/\/amazonjungletrips.com.co\/#\/schema\/logo\/image\/\",\"url\":\"https:\/\/amazonjungletrips.com.co\/wp-content\/uploads\/2024\/06\/image-26-2.png\",\"contentUrl\":\"https:\/\/amazonjungletrips.com.co\/wp-content\/uploads\/2024\/06\/image-26-2.png\",\"width\":80,\"height\":88,\"caption\":\"Amazon Jungle Trips\"},\"image\":{\"@id\":\"https:\/\/amazonjungletrips.com.co\/#\/schema\/logo\/image\/\"}}]}<\/script>\n<!-- \/ Yoast SEO plugin. -->","yoast_head_json":{"title":"AUTORIZACI\u00d3N PARA EL TRATAMIENTO DE DATOS PERSONALES - Amazon Jungle Trips","robots":{"index":"index","follow":"follow","max-snippet":"max-snippet:-1","max-image-preview":"max-image-preview:large","max-video-preview":"max-video-preview:-1"},"canonical":"https:\/\/amazonjungletrips.com.co\/en\/autorizacion-para-el-tratamiento-de-datos-personales\/","og_locale":"en_US","og_type":"article","og_title":"AUTORIZACI\u00d3N PARA EL TRATAMIENTO DE DATOS PERSONALES - Amazon Jungle Trips","og_description":"AUTORIZACI\u00d3N PARA EL TRATAMIENTO DE DATOS PERSONALES Conscientes de la importancia que tiene la protecci\u00f3n y el buen manejo de la informaci\u00f3n personal suministrada por sus clientes y proveedores, AMAZON JUNGLE TRIPS ha dise\u00f1ado pol\u00edticas y procedimientos que en conjunto con la presente autorizaci\u00f3n nos permiten hacer un uso adecuado de sus datos personales de [&hellip;]","og_url":"https:\/\/amazonjungletrips.com.co\/en\/autorizacion-para-el-tratamiento-de-datos-personales\/","og_site_name":"Amazon Jungle Trips","article_modified_time":"2024-10-16T03:11:26+00:00","twitter_card":"summary_large_image","twitter_misc":{"Est. reading time":"4 minutes"},"schema":{"@context":"https:\/\/schema.org","@graph":[{"@type":"WebPage","@id":"https:\/\/amazonjungletrips.com.co\/autorizacion-para-el-tratamiento-de-datos-personales\/","url":"https:\/\/amazonjungletrips.com.co\/autorizacion-para-el-tratamiento-de-datos-personales\/","name":"AUTORIZACI\u00d3N PARA EL TRATAMIENTO DE DATOS PERSONALES - Amazon Jungle Trips","isPartOf":{"@id":"https:\/\/amazonjungletrips.com.co\/#website"},"datePublished":"2024-06-30T17:31:38+00:00","dateModified":"2024-10-16T03:11:26+00:00","breadcrumb":{"@id":"https:\/\/amazonjungletrips.com.co\/autorizacion-para-el-tratamiento-de-datos-personales\/#breadcrumb"},"inLanguage":"en-US","potentialAction":[{"@type":"ReadAction","target":["https:\/\/amazonjungletrips.com.co\/autorizacion-para-el-tratamiento-de-datos-personales\/"]}]},{"@type":"BreadcrumbList","@id":"https:\/\/amazonjungletrips.com.co\/autorizacion-para-el-tratamiento-de-datos-personales\/#breadcrumb","itemListElement":[{"@type":"ListItem","position":1,"name":"Portada","item":"https:\/\/amazonjungletrips.com.co\/"},{"@type":"ListItem","position":2,"name":"AUTORIZACI\u00d3N PARA EL TRATAMIENTO DE DATOS PERSONALES"}]},{"@type":"WebSite","@id":"https:\/\/amazonjungletrips.com.co\/#website","url":"https:\/\/amazonjungletrips.com.co\/","name":"Amazon Jungle Trips","description":"Traveler","publisher":{"@id":"https:\/\/amazonjungletrips.com.co\/#organization"},"potentialAction":[{"@type":"SearchAction","target":{"@type":"EntryPoint","urlTemplate":"https:\/\/amazonjungletrips.com.co\/?s={search_term_string}"},"query-input":{"@type":"PropertyValueSpecification","valueRequired":true,"valueName":"search_term_string"}}],"inLanguage":"en-US"},{"@type":"Organization","@id":"https:\/\/amazonjungletrips.com.co\/#organization","name":"Amazon Jungle Trips","url":"https:\/\/amazonjungletrips.com.co\/","logo":{"@type":"ImageObject","inLanguage":"en-US","@id":"https:\/\/amazonjungletrips.com.co\/#\/schema\/logo\/image\/","url":"https:\/\/amazonjungletrips.com.co\/wp-content\/uploads\/2024\/06\/image-26-2.png","contentUrl":"https:\/\/amazonjungletrips.com.co\/wp-content\/uploads\/2024\/06\/image-26-2.png","width":80,"height":88,"caption":"Amazon Jungle Trips"},"image":{"@id":"https:\/\/amazonjungletrips.com.co\/#\/schema\/logo\/image\/"}}]}},"_links":{"self":[{"href":"https:\/\/amazonjungletrips.com.co\/en\/wp-json\/wp\/v2\/pages\/11231","targetHints":{"allow":["GET"]}}],"collection":[{"href":"https:\/\/amazonjungletrips.com.co\/en\/wp-json\/wp\/v2\/pages"}],"about":[{"href":"https:\/\/amazonjungletrips.com.co\/en\/wp-json\/wp\/v2\/types\/page"}],"author":[{"embeddable":true,"href":"https:\/\/amazonjungletrips.com.co\/en\/wp-json\/wp\/v2\/users\/1"}],"replies":[{"embeddable":true,"href":"https:\/\/amazonjungletrips.com.co\/en\/wp-json\/wp\/v2\/comments?post=11231"}],"version-history":[{"count":16,"href":"https:\/\/amazonjungletrips.com.co\/en\/wp-json\/wp\/v2\/pages\/11231\/revisions"}],"predecessor-version":[{"id":11361,"href":"https:\/\/amazonjungletrips.com.co\/en\/wp-json\/wp\/v2\/pages\/11231\/revisions\/11361"}],"wp:attachment":[{"href":"https:\/\/amazonjungletrips.com.co\/en\/wp-json\/wp\/v2\/media?parent=11231"}],"curies":[{"name":"wp","href":"https:\/\/api.w.org\/{rel}","templated":true}]}}