{"id":11242,"date":"2024-06-30T12:34:22","date_gmt":"2024-06-30T17:34:22","guid":{"rendered":"https:\/\/amazonjungletrips.com.co\/?page_id=11242"},"modified":"2024-06-30T12:39:04","modified_gmt":"2024-06-30T17:39:04","slug":"politicas-de-sostenibilidad","status":"publish","type":"page","link":"https:\/\/amazonjungletrips.com.co\/en\/politicas-de-sostenibilidad\/","title":{"rendered":"Sustainability Policies"},"content":{"rendered":"<div data-elementor-type=\"wp-page\" data-elementor-id=\"11242\" class=\"elementor elementor-11242\" data-elementor-post-type=\"page\">\n\t\t\t\t<div class=\"elementor-element elementor-element-6baf7b7 e-con-full e-flex e-con e-parent\" data-id=\"6baf7b7\" data-element_type=\"container\">\n\t\t\t\t<div class=\"elementor-element elementor-element-ef5a748 elementor-widget elementor-widget-spacer\" data-id=\"ef5a748\" data-element_type=\"widget\" data-widget_type=\"spacer.default\">\n\t\t\t\t<div class=\"elementor-widget-container\">\n\t\t\t\t\t\t\t<div class=\"elementor-spacer\">\n\t\t\t<div class=\"elementor-spacer-inner\"><\/div>\n\t\t<\/div>\n\t\t\t\t\t\t<\/div>\n\t\t\t\t<\/div>\n\t\t\t\t<div class=\"elementor-element elementor-element-3cc3dbc elementor-widget elementor-widget-html\" data-id=\"3cc3dbc\" data-element_type=\"widget\" data-widget_type=\"html.default\">\n\t\t\t\t<div class=\"elementor-widget-container\">\n\t\t\t\t\t\n    <h1>Sustainability Policies<\/h1><br>\n\n    <p>Para Amazon Jungle Trips es fundamental distinguirse por brindar un servicio de calidad utilizando un modelo de sostenibilidad amigable, generando el bienestar social, cultural y econ\u00f3mico, para manejo de pol\u00edticas de gesti\u00f3n con el fin de promover el turismo sostenible y con el objetivo de fomentar pr\u00e1cticas que causen el m\u00ednimo impacto en el medio ambiente desarrollando estrategias y compromisos que garanticen el cumplimiento de las normas: pol\u00edticas de sostenibilidad.<\/p>\n    \n    <p>En el momento que el turista ingrese a nuestras instalaciones se proveer\u00e1 una peque\u00f1a descripci\u00f3n de las pol\u00edticas de sostenibilidad que regimos en los tours y la descripci\u00f3n de cada uno, seguridad, condiciones del clima, gastronom\u00eda de la regi\u00f3n, las artesan\u00edas y costumbres de las comunidades.<\/p>\n    \n    <p>Brindar capacitaciones que llevan a nuestros colaboradores y la poblaci\u00f3n local a utilizar y promover las pr\u00e1cticas en su cotidianidad adem\u00e1s de mejorar la calidad y prestaci\u00f3n de los servicios para que los viajeros disfruten de las actividades tur\u00edsticas sin da\u00f1ar el medio ambiente o las comunidades asegurando que las futuras generaciones puedan disfrutar de las mismas oportunidades.<\/p>\n    \n    <p>Realizar la operaci\u00f3n de la empresa con peque\u00f1os grupos de clientes, con el fin de reducir el impacto de los pasajeros en el ambiente.<\/p>\n    \n    <p>El ahorro del agua, energ\u00eda y reciclaje ser\u00e1n importantes para el camino hacia la responsabilidad y sostenibilidad ambiental de la empresa, aplicando medidas pr\u00e1cticas en los procesos de gesti\u00f3n para dar cumplimiento a las metas propuestas.<\/p>\n    \n    <p>Promoveremos el rellenado de botellas de agua en los dispensadores ubicados en las \u00e1reas p\u00fablicas para as\u00ed disminuir el pl\u00e1stico de desecho.<\/p>\n    \n    <p>Utilizaremos papel amigable con el medio ambiente para las impresiones y estas que sean cuando toque, pero por lo general enviar por email cotizaciones y dem\u00e1s que se necesite para dar informaci\u00f3n al turista. El papel amigable con el medio ambiente estar\u00e1 en todos los documentos que hacen parte de la oficina.<\/p>\n    \n    <p>Impartiremos un m\u00ednimo de 24 horas obligatorias de capacitaci\u00f3n por a\u00f1o, en temas que se consideren fundamentales para el buen desempe\u00f1o de su labor. Los temas de inter\u00e9s estrat\u00e9gico son: idiomas, servicio al cliente, manejo de emergencias y primeros auxilios y actualizaciones de otros cursos. Toda acci\u00f3n de capacitaci\u00f3n deber\u00e1 ser registrada en un formulario dise\u00f1ado para tal fin.<\/p>\n    \n    <p>Promocionaremos a los turistas la visita a los diferentes pueblos del Amazonas, la gastronom\u00eda t\u00edpica, las artesan\u00edas, costumbres y expresiones culturales.<\/p>\n\n    <h2>Pol\u00edtica Ambiental<\/h2>\n    <ul>\n        <li>La sostenibilidad constituir\u00e1 un valor para la empresa, donde se promover\u00e1 el uso de pr\u00e1cticas sostenibles para trabajar bajo un modelo de sostenibilidad que cause el menor impacto posible al medioambiente.<\/li>\n        <li>La operaci\u00f3n en general de Amazon Jungle Trips se realiza contribuyendo efectiva, constructiva e integralmente con la generaci\u00f3n de beneficios econ\u00f3micos para toda la organizaci\u00f3n (propietarios y colaboradores), protegiendo el medio ambiente y respetando la cultura e idiosincrasia de los habitantes locales de los atractivos que visitamos en nuestros recorridos.<\/li>\n        <li>La sostenibilidad ser\u00e1 base fundamental para el desarrollo de la operaci\u00f3n general de Amazon Jungle Trips \u2013 A.J.T., convirti\u00e9ndose en una caracter\u00edstica inherente de los servicios brindados.<\/li>\n        <li>Se estar\u00e1 en constante capacitaci\u00f3n en temas de sostenibilidad, para que en este sentido todos los colaboradores est\u00e9n bien informados y orientados en la gesti\u00f3n sostenible de la agencia operadora de turismo.<\/li>\n        <li>El ahorro de agua, de energ\u00eda y el reciclaje ser\u00e1n pilares fundamentales para el cumplimiento de nuestro compromiso como empresa responsable. En este sentido Amazon Jungle Trips se compromete a:\n            <ul>\n                <li>Utilizar la energ\u00eda racionalmente mediante pr\u00e1cticas de uso eficiente.<\/li>\n                <li>Evitar el desperdicio y contaminaci\u00f3n del recurso h\u00eddrico para contribuir a su conservaci\u00f3n.<\/li>\n                <li>Realizar un manejo adecuado de sus residuos mediante lineamientos de reducci\u00f3n, reutilizaci\u00f3n y reciclaje.<\/li>\n            <\/ul>\n        <\/li>\n        <li>Como parte complementaria a la gesti\u00f3n ambiental, Amazon Jungle Trips procede a:\n            <ul>\n                <li>Contribuir con la conservaci\u00f3n de los recursos forestales del pa\u00eds.<\/li>\n                <li>Contribuir con la disminuci\u00f3n de la contaminaci\u00f3n atmosf\u00e9rica.<\/li>\n                <li>Los medios de transporte utilizados para su operaci\u00f3n deben cumplir, contar con los RTV exigidos legalmente.<\/li>\n                <li>Deben contar con los marchamos al d\u00eda.<\/li>\n                <li>Preferiblemente, colaborar con alg\u00fan programa de mitigaci\u00f3n de impactos al medio ambiente.<\/li>\n                <li>Cumplir gradualmente con la legislaci\u00f3n ambiental nacional pertinente (vertido y reutilizaci\u00f3n de aguas residuales, desechos peligrosos, uso de agroqu\u00edmicos, entre otros).<\/li>\n                <li>Mantener las condiciones de higiene y seguridad adecuadas para la salud de nuestros clientes, colaboradores, proveedores y comunidades, en general.<\/li>\n            <\/ul>\n        <\/li>\n        <li>Se dar\u00e1 un manejo adecuado de los residuos, resultado de los diferentes tours as\u00ed mismo con los residuos de la operaci\u00f3n en la oficina.<\/li>\n        <li>Los servicios de transporte ya sean terrestres o fluviales propios o a contratar deber\u00e1n estar al d\u00eda con la Revisi\u00f3n T\u00e9cnica Vehicular, el Seguro Obligatorio de Veh\u00edculos y dem\u00e1s respectivos en cada caso.<\/li>\n        <li>Se motivar\u00e1 a los colaboradores de la agencia para que a trav\u00e9s de su trato e interacci\u00f3n con el cliente lo involucren dentro de los conceptos de sostenibilidad en los que participa la empresa.<\/li>\n        <li>La empresa implementar\u00e1 medidas que garanticen y sensibilicen a colaboradores y clientes al ahorro de agua y electricidad, estas pr\u00e1cticas se encuentran descritas en el plan de manejo de los recursos requeridos en los procesos de la agencia operadora de turismo y durante los tours.<\/li>\n        <li>Los grupos con los que opera la empresa ser\u00e1n peque\u00f1os, lo que permita ocasionar el menor impacto en el ambiente posible; para de este modo garantizar el disfrute de las generaciones actuales como de las futuras de los diferentes h\u00e1bitats de los ecosistemas que visitamos.<\/li>\n        <li>De los proveedores de la empresa al menos el 30% ser\u00e1n o contar\u00e1n con alg\u00fan programa, norma o certificaci\u00f3n que los identifique por sus pr\u00e1cticas de turismo sostenible.<\/li>\n        <li>Para el aseo y limpieza de nuestras instalaciones, se dar\u00e1 prioridad a productos que sean amigables con el ambiente, ya sean org\u00e1nicos o de r\u00e1pida descomposici\u00f3n.<\/li>\n        <li>El uso de sustancias como el cloro, que ocasionan un gran impacto y deterioro al medio ambiente y sus ecosistemas, no est\u00e1 permitido.<\/li>\n        <li>Amazon Jungle Trips se declara un \u201ctour operador libre de humo\u201d, prohibiendo el fumado dentro de la oficina, las unidades de transporte, y promoviendo un ambiente saludable, limpio y confortable para sus clientes, visitantes y colaboradores.<\/li>\n        <li>Se desarrollar\u00e1 y apoyar\u00e1 campa\u00f1as de reciclaje que motiven a los clientes y personas de la comunidad a participar y ser parte de una cultura social beneficiosa con el medioambiente.<\/li>\n        <li>Amazon Jungle Trips trabajar\u00e1 con el fin de proteger y reafirmar los valores de nuestros atractivos naturales y que nos hacen ser reconocidos a nivel internacional como un pa\u00eds de gran riqueza y de conservaci\u00f3n, practicante del turismo sostenible.<\/li>\n        <li>Durante las visitas a \u00e1reas silvestres protegidas se orientar\u00e1 a los turistas a respetar y cuidar los ecosistemas presentes, as\u00ed como a evitar situaciones de extracci\u00f3n de especies de flora y fauna, la alimentaci\u00f3n y caza de animales.<\/li>\n        <li>Ofrecer a nuestros clientes una experiencia \u00fanica y reconfortante de turismo sostenible, donde se aprecie la importancia de la conservaci\u00f3n y riqueza natural con que contamos para un disfrute y aprovechamiento responsable.<\/li>\n    <\/ul>\t\t\t\t<\/div>\n\t\t\t\t<\/div>\n\t\t\t\t<div class=\"elementor-element elementor-element-692260a elementor-widget elementor-widget-spacer\" data-id=\"692260a\" data-element_type=\"widget\" data-widget_type=\"spacer.default\">\n\t\t\t\t<div class=\"elementor-widget-container\">\n\t\t\t\t\t\t\t<div class=\"elementor-spacer\">\n\t\t\t<div class=\"elementor-spacer-inner\"><\/div>\n\t\t<\/div>\n\t\t\t\t\t\t<\/div>\n\t\t\t\t<\/div>\n\t\t\t\t<\/div>\n\t\t\t\t<\/div>","protected":false},"excerpt":{"rendered":"<p>Pol\u00edticas de Sostenibilidad Para Amazon Jungle Trips es fundamental distinguirse por brindar un servicio de calidad utilizando un modelo de sostenibilidad amigable, generando el bienestar social, cultural y econ\u00f3mico, para manejo de pol\u00edticas de gesti\u00f3n con el fin de promover el turismo sostenible y con el objetivo de fomentar pr\u00e1cticas que causen el m\u00ednimo impacto [&hellip;]<\/p>","protected":false},"author":1,"featured_media":0,"parent":0,"menu_order":0,"comment_status":"closed","ping_status":"closed","template":"template-home.php","meta":{"footnotes":""},"class_list":["post-11242","page","type-page","status-publish","has-post-thumbnail","hentry"],"yoast_head":"<!-- This site is optimized with the Yoast SEO plugin v24.6 - https:\/\/yoast.com\/wordpress\/plugins\/seo\/ -->\n<title>Pol\u00edticas de Sostenibilidad - Amazon Jungle Trips<\/title>\n<meta name=\"robots\" content=\"index, follow, max-snippet:-1, max-image-preview:large, max-video-preview:-1\" \/>\n<link rel=\"canonical\" href=\"https:\/\/amazonjungletrips.com.co\/en\/politicas-de-sostenibilidad\/\" \/>\n<meta property=\"og:locale\" content=\"en_US\" \/>\n<meta property=\"og:type\" content=\"article\" \/>\n<meta property=\"og:title\" content=\"Pol\u00edticas de Sostenibilidad - Amazon Jungle Trips\" \/>\n<meta property=\"og:description\" content=\"Pol\u00edticas de Sostenibilidad Para Amazon Jungle Trips es fundamental distinguirse por brindar un servicio de calidad utilizando un modelo de sostenibilidad amigable, generando el bienestar social, cultural y econ\u00f3mico, para manejo de pol\u00edticas de gesti\u00f3n con el fin de promover el turismo sostenible y con el objetivo de fomentar pr\u00e1cticas que causen el m\u00ednimo impacto [&hellip;]\" \/>\n<meta property=\"og:url\" content=\"https:\/\/amazonjungletrips.com.co\/en\/politicas-de-sostenibilidad\/\" \/>\n<meta property=\"og:site_name\" content=\"Amazon Jungle Trips\" \/>\n<meta property=\"article:modified_time\" content=\"2024-06-30T17:39:04+00:00\" \/>\n<meta name=\"twitter:card\" content=\"summary_large_image\" \/>\n<meta name=\"twitter:label1\" content=\"Est. reading time\" \/>\n\t<meta name=\"twitter:data1\" content=\"6 minutes\" \/>\n<script type=\"application\/ld+json\" class=\"yoast-schema-graph\">{\"@context\":\"https:\/\/schema.org\",\"@graph\":[{\"@type\":\"WebPage\",\"@id\":\"https:\/\/amazonjungletrips.com.co\/politicas-de-sostenibilidad\/\",\"url\":\"https:\/\/amazonjungletrips.com.co\/politicas-de-sostenibilidad\/\",\"name\":\"Pol\u00edticas de Sostenibilidad - Amazon Jungle Trips\",\"isPartOf\":{\"@id\":\"https:\/\/amazonjungletrips.com.co\/#website\"},\"datePublished\":\"2024-06-30T17:34:22+00:00\",\"dateModified\":\"2024-06-30T17:39:04+00:00\",\"breadcrumb\":{\"@id\":\"https:\/\/amazonjungletrips.com.co\/politicas-de-sostenibilidad\/#breadcrumb\"},\"inLanguage\":\"en-US\",\"potentialAction\":[{\"@type\":\"ReadAction\",\"target\":[\"https:\/\/amazonjungletrips.com.co\/politicas-de-sostenibilidad\/\"]}]},{\"@type\":\"BreadcrumbList\",\"@id\":\"https:\/\/amazonjungletrips.com.co\/politicas-de-sostenibilidad\/#breadcrumb\",\"itemListElement\":[{\"@type\":\"ListItem\",\"position\":1,\"name\":\"Portada\",\"item\":\"https:\/\/amazonjungletrips.com.co\/\"},{\"@type\":\"ListItem\",\"position\":2,\"name\":\"Pol\u00edticas de Sostenibilidad\"}]},{\"@type\":\"WebSite\",\"@id\":\"https:\/\/amazonjungletrips.com.co\/#website\",\"url\":\"https:\/\/amazonjungletrips.com.co\/\",\"name\":\"Amazon Jungle Trips\",\"description\":\"Traveler\",\"publisher\":{\"@id\":\"https:\/\/amazonjungletrips.com.co\/#organization\"},\"potentialAction\":[{\"@type\":\"SearchAction\",\"target\":{\"@type\":\"EntryPoint\",\"urlTemplate\":\"https:\/\/amazonjungletrips.com.co\/?s={search_term_string}\"},\"query-input\":{\"@type\":\"PropertyValueSpecification\",\"valueRequired\":true,\"valueName\":\"search_term_string\"}}],\"inLanguage\":\"en-US\"},{\"@type\":\"Organization\",\"@id\":\"https:\/\/amazonjungletrips.com.co\/#organization\",\"name\":\"Amazon Jungle Trips\",\"url\":\"https:\/\/amazonjungletrips.com.co\/\",\"logo\":{\"@type\":\"ImageObject\",\"inLanguage\":\"en-US\",\"@id\":\"https:\/\/amazonjungletrips.com.co\/#\/schema\/logo\/image\/\",\"url\":\"https:\/\/amazonjungletrips.com.co\/wp-content\/uploads\/2024\/06\/image-26-2.png\",\"contentUrl\":\"https:\/\/amazonjungletrips.com.co\/wp-content\/uploads\/2024\/06\/image-26-2.png\",\"width\":80,\"height\":88,\"caption\":\"Amazon Jungle Trips\"},\"image\":{\"@id\":\"https:\/\/amazonjungletrips.com.co\/#\/schema\/logo\/image\/\"}}]}<\/script>\n<!-- \/ Yoast SEO plugin. -->","yoast_head_json":{"title":"Pol\u00edticas de Sostenibilidad - Amazon Jungle Trips","robots":{"index":"index","follow":"follow","max-snippet":"max-snippet:-1","max-image-preview":"max-image-preview:large","max-video-preview":"max-video-preview:-1"},"canonical":"https:\/\/amazonjungletrips.com.co\/en\/politicas-de-sostenibilidad\/","og_locale":"en_US","og_type":"article","og_title":"Pol\u00edticas de Sostenibilidad - Amazon Jungle Trips","og_description":"Pol\u00edticas de Sostenibilidad Para Amazon Jungle Trips es fundamental distinguirse por brindar un servicio de calidad utilizando un modelo de sostenibilidad amigable, generando el bienestar social, cultural y econ\u00f3mico, para manejo de pol\u00edticas de gesti\u00f3n con el fin de promover el turismo sostenible y con el objetivo de fomentar pr\u00e1cticas que causen el m\u00ednimo impacto [&hellip;]","og_url":"https:\/\/amazonjungletrips.com.co\/en\/politicas-de-sostenibilidad\/","og_site_name":"Amazon Jungle Trips","article_modified_time":"2024-06-30T17:39:04+00:00","twitter_card":"summary_large_image","twitter_misc":{"Est. reading time":"6 minutes"},"schema":{"@context":"https:\/\/schema.org","@graph":[{"@type":"WebPage","@id":"https:\/\/amazonjungletrips.com.co\/politicas-de-sostenibilidad\/","url":"https:\/\/amazonjungletrips.com.co\/politicas-de-sostenibilidad\/","name":"Pol\u00edticas de Sostenibilidad - Amazon Jungle Trips","isPartOf":{"@id":"https:\/\/amazonjungletrips.com.co\/#website"},"datePublished":"2024-06-30T17:34:22+00:00","dateModified":"2024-06-30T17:39:04+00:00","breadcrumb":{"@id":"https:\/\/amazonjungletrips.com.co\/politicas-de-sostenibilidad\/#breadcrumb"},"inLanguage":"en-US","potentialAction":[{"@type":"ReadAction","target":["https:\/\/amazonjungletrips.com.co\/politicas-de-sostenibilidad\/"]}]},{"@type":"BreadcrumbList","@id":"https:\/\/amazonjungletrips.com.co\/politicas-de-sostenibilidad\/#breadcrumb","itemListElement":[{"@type":"ListItem","position":1,"name":"Portada","item":"https:\/\/amazonjungletrips.com.co\/"},{"@type":"ListItem","position":2,"name":"Pol\u00edticas de Sostenibilidad"}]},{"@type":"WebSite","@id":"https:\/\/amazonjungletrips.com.co\/#website","url":"https:\/\/amazonjungletrips.com.co\/","name":"Amazon Jungle Trips","description":"Traveler","publisher":{"@id":"https:\/\/amazonjungletrips.com.co\/#organization"},"potentialAction":[{"@type":"SearchAction","target":{"@type":"EntryPoint","urlTemplate":"https:\/\/amazonjungletrips.com.co\/?s={search_term_string}"},"query-input":{"@type":"PropertyValueSpecification","valueRequired":true,"valueName":"search_term_string"}}],"inLanguage":"en-US"},{"@type":"Organization","@id":"https:\/\/amazonjungletrips.com.co\/#organization","name":"Amazon Jungle Trips","url":"https:\/\/amazonjungletrips.com.co\/","logo":{"@type":"ImageObject","inLanguage":"en-US","@id":"https:\/\/amazonjungletrips.com.co\/#\/schema\/logo\/image\/","url":"https:\/\/amazonjungletrips.com.co\/wp-content\/uploads\/2024\/06\/image-26-2.png","contentUrl":"https:\/\/amazonjungletrips.com.co\/wp-content\/uploads\/2024\/06\/image-26-2.png","width":80,"height":88,"caption":"Amazon Jungle Trips"},"image":{"@id":"https:\/\/amazonjungletrips.com.co\/#\/schema\/logo\/image\/"}}]}},"_links":{"self":[{"href":"https:\/\/amazonjungletrips.com.co\/en\/wp-json\/wp\/v2\/pages\/11242","targetHints":{"allow":["GET"]}}],"collection":[{"href":"https:\/\/amazonjungletrips.com.co\/en\/wp-json\/wp\/v2\/pages"}],"about":[{"href":"https:\/\/amazonjungletrips.com.co\/en\/wp-json\/wp\/v2\/types\/page"}],"author":[{"embeddable":true,"href":"https:\/\/amazonjungletrips.com.co\/en\/wp-json\/wp\/v2\/users\/1"}],"replies":[{"embeddable":true,"href":"https:\/\/amazonjungletrips.com.co\/en\/wp-json\/wp\/v2\/comments?post=11242"}],"version-history":[{"count":4,"href":"https:\/\/amazonjungletrips.com.co\/en\/wp-json\/wp\/v2\/pages\/11242\/revisions"}],"predecessor-version":[{"id":11247,"href":"https:\/\/amazonjungletrips.com.co\/en\/wp-json\/wp\/v2\/pages\/11242\/revisions\/11247"}],"wp:attachment":[{"href":"https:\/\/amazonjungletrips.com.co\/en\/wp-json\/wp\/v2\/media?parent=11242"}],"curies":[{"name":"wp","href":"https:\/\/api.w.org\/{rel}","templated":true}]}}