{"id":313,"date":"2022-06-07T01:33:02","date_gmt":"2022-06-07T01:33:02","guid":{"rendered":"https:\/\/modtour.travelerwp.com\/?page_id=313"},"modified":"2024-06-30T10:11:31","modified_gmt":"2024-06-30T15:11:31","slug":"contact","status":"publish","type":"page","link":"https:\/\/amazonjungletrips.com.co\/en\/contact\/","title":{"rendered":"Contact"},"content":{"rendered":"<div data-elementor-type=\"wp-page\" data-elementor-id=\"313\" class=\"elementor elementor-313\" data-elementor-post-type=\"page\">\n\t\t\t\t\t\t<section class=\"elementor-section elementor-top-section elementor-element elementor-element-f38538b elementor-section-full_width elementor-section-stretched elementor-section-height-default elementor-section-height-default\" data-id=\"f38538b\" data-element_type=\"section\" data-settings=\"{&quot;stretch_section&quot;:&quot;section-stretched&quot;}\">\n\t\t\t\t\t\t<div class=\"elementor-container elementor-column-gap-no\">\n\t\t\t\t\t<div class=\"elementor-column elementor-col-100 elementor-top-column elementor-element elementor-element-46026278\" data-id=\"46026278\" data-element_type=\"column\">\n\t\t\t<div class=\"elementor-widget-wrap elementor-element-populated\">\n\t\t\t\t\t\t<div class=\"elementor-element elementor-element-6bc87f52 elementor-widget elementor-widget-google_maps\" data-id=\"6bc87f52\" data-element_type=\"widget\" data-widget_type=\"google_maps.default\">\n\t\t\t\t<div class=\"elementor-widget-container\">\n\t\t\t\t\t\t\t<div class=\"elementor-custom-embed\">\n\t\t\t<iframe loading=\"lazy\"\n\t\t\t\t\tsrc=\"https:\/\/maps.google.com\/maps?q=amazonjungletrips&#038;t=m&#038;z=9&#038;output=embed&#038;iwloc=near\"\n\t\t\t\t\ttitle=\"amazonjungletrips\"\n\t\t\t\t\taria-label=\"amazonjungletrips\"\n\t\t\t><\/iframe>\n\t\t<\/div>\n\t\t\t\t\t\t<\/div>\n\t\t\t\t<\/div>\n\t\t\t\t\t<\/div>\n\t\t<\/div>\n\t\t\t\t\t<\/div>\n\t\t<\/section>\n\t\t\t\t<section class=\"elementor-section elementor-top-section elementor-element elementor-element-4828ac6e elementor-section-content-middle elementor-section-boxed elementor-section-height-default elementor-section-height-default\" data-id=\"4828ac6e\" data-element_type=\"section\">\n\t\t\t\t\t\t<div class=\"elementor-container elementor-column-gap-default\">\n\t\t\t\t\t<div class=\"elementor-column elementor-col-50 elementor-top-column elementor-element elementor-element-103bc7f5\" data-id=\"103bc7f5\" data-element_type=\"column\">\n\t\t\t<div class=\"elementor-widget-wrap elementor-element-populated\">\n\t\t\t\t\t\t<div class=\"elementor-element elementor-element-56ec7be0 elementor-widget elementor-widget-heading\" data-id=\"56ec7be0\" data-element_type=\"widget\" data-widget_type=\"heading.default\">\n\t\t\t\t<div class=\"elementor-widget-container\">\n\t\t\t\t\t<h5 class=\"elementor-heading-title elementor-size-default\">Contact information<\/h5>\t\t\t\t<\/div>\n\t\t\t\t<\/div>\n\t\t\t\t<div class=\"elementor-element elementor-element-48df32b8 elementor-widget elementor-widget-heading\" data-id=\"48df32b8\" data-element_type=\"widget\" data-widget_type=\"heading.default\">\n\t\t\t\t<div class=\"elementor-widget-container\">\n\t\t\t\t\t<h2 class=\"elementor-heading-title elementor-size-default\">Contact our team of experts.<\/h2>\t\t\t\t<\/div>\n\t\t\t\t<\/div>\n\t\t\t\t<div class=\"elementor-element elementor-element-10a5278 elementor-widget elementor-widget-text-editor\" data-id=\"10a5278\" data-element_type=\"widget\" data-widget_type=\"text-editor.default\">\n\t\t\t\t<div class=\"elementor-widget-container\">\n\t\t\t\t\t\t\t\t\t<p>Send us a message using the form below. If your enquiry is sensitive, please use the contact details below.<\/p>\t\t\t\t\t\t\t\t<\/div>\n\t\t\t\t<\/div>\n\t\t\t\t<div class=\"elementor-element elementor-element-5d6d09c5 elementor-vertical-align-middle elementor-view-default elementor-widget elementor-widget-icon-box\" data-id=\"5d6d09c5\" data-element_type=\"widget\" data-widget_type=\"icon-box.default\">\n\t\t\t\t<div class=\"elementor-widget-container\">\n\t\t\t\t\t            <div class=\"elementor-icon-box-wrapper\">\r\n                                                                    <div class=\"elementor-icon-box-content\">\r\n                                       <h3 class=\"elementor-icon-box-title\">\r\n                        <span   style=\"display:block;\">\r\n\r\n                         carrera 6 # 6 - 21,  Leticia, Amazonas                        <\/span>\r\n                    <\/h3>\r\n                                    <\/div>\r\n            <\/div>\r\n            \t\t\t\t<\/div>\n\t\t\t\t<\/div>\n\t\t\t\t<div class=\"elementor-element elementor-element-59edc24c elementor-vertical-align-middle elementor-view-default elementor-widget elementor-widget-icon-box\" data-id=\"59edc24c\" data-element_type=\"widget\" data-widget_type=\"icon-box.default\">\n\t\t\t\t<div class=\"elementor-widget-container\">\n\t\t\t\t\t            <div class=\"elementor-icon-box-wrapper\">\r\n                                                                    <div class=\"elementor-icon-box-content\">\r\n                                       <h3 class=\"elementor-icon-box-title\">\r\n                        <span   style=\"display:block;\">\r\n\r\n                         +57 321 426 7757                        <\/span>\r\n                    <\/h3>\r\n                                    <\/div>\r\n            <\/div>\r\n            \t\t\t\t<\/div>\n\t\t\t\t<\/div>\n\t\t\t\t<div class=\"elementor-element elementor-element-19300fc2 elementor-vertical-align-middle elementor-view-default elementor-widget elementor-widget-icon-box\" data-id=\"19300fc2\" data-element_type=\"widget\" data-widget_type=\"icon-box.default\">\n\t\t\t\t<div class=\"elementor-widget-container\">\n\t\t\t\t\t            <div class=\"elementor-icon-box-wrapper\">\r\n                                                                    <div class=\"elementor-icon-box-content\">\r\n                                       <h3 class=\"elementor-icon-box-title\">\r\n                        <span   style=\"display:block;\">\r\n\r\n                         info@amazonjungletrips.com.co                        <\/span>\r\n                    <\/h3>\r\n                                    <\/div>\r\n            <\/div>\r\n            \t\t\t\t<\/div>\n\t\t\t\t<\/div>\n\t\t\t\t\t<\/div>\n\t\t<\/div>\n\t\t\t\t<div class=\"elementor-column elementor-col-50 elementor-top-column elementor-element elementor-element-23fe445\" data-id=\"23fe445\" data-element_type=\"column\">\n\t\t\t<div class=\"elementor-widget-wrap elementor-element-populated\">\n\t\t\t\t\t\t<div class=\"elementor-element elementor-element-46ab3a9 elementor-widget elementor-widget-shortcode\" data-id=\"46ab3a9\" data-element_type=\"widget\" data-widget_type=\"shortcode.default\">\n\t\t\t\t<div class=\"elementor-widget-container\">\n\t\t\t\t\t\t\t<div class=\"elementor-shortcode\">\n<div class=\"wpcf7 no-js\" id=\"wpcf7-f5-o1\" lang=\"en-US\" dir=\"ltr\" data-wpcf7-id=\"5\">\n<div class=\"screen-reader-response\"><p role=\"status\" aria-live=\"polite\" aria-atomic=\"true\"><\/p> <ul><\/ul><\/div>\n<form action=\"\/en\/wp-json\/wp\/v2\/pages\/313#wpcf7-f5-o1\" method=\"post\" class=\"wpcf7-form init\" aria-label=\"Contact form\" novalidate=\"novalidate\" data-status=\"init\" data-trp-original-action=\"\/en\/wp-json\/wp\/v2\/pages\/313#wpcf7-f5-o1\">\n<div style=\"display: none;\">\n<input type=\"hidden\" name=\"_wpcf7\" value=\"5\" \/>\n<input type=\"hidden\" name=\"_wpcf7_version\" value=\"6.0.6\" \/>\n<input type=\"hidden\" name=\"_wpcf7_locale\" value=\"en_US\" \/>\n<input type=\"hidden\" name=\"_wpcf7_unit_tag\" value=\"wpcf7-f5-o1\" \/>\n<input type=\"hidden\" name=\"_wpcf7_container_post\" value=\"0\" \/>\n<input type=\"hidden\" name=\"_wpcf7_posted_data_hash\" value=\"\" \/>\n<\/div>\n<div class=\"st-contact-form st-border-new\">\n\t<h3>Send a message\n\t\t<div class=\"mt30\">\n\t\t\t<div class=\"row\">\n\t\t\t\t<div class=\"col-md-6\">\n\t\t\t\t\t<div class=\"form-group\">\n\t\t\t\t\t\t<p><span class=\"wpcf7-form-control-wrap\" data-name=\"your-name\"><input size=\"40\" maxlength=\"400\" class=\"wpcf7-form-control wpcf7-text form-control\" id=\"name\" aria-invalid=\"false\" placeholder=\"Your name*\" value=\"\" type=\"text\" name=\"your-name\" \/><\/span>\n\t\t\t\t\t\t<\/p>\n\t\t\t\t\t<\/div>\n\t\t\t\t<\/div>\n\t\t\t\t<div class=\"col-md-6\">\n\t\t\t\t\t<div class=\"form-group\">\n\t\t\t\t\t\t<p><span class=\"wpcf7-form-control-wrap\" data-name=\"your-phone\"><input size=\"40\" maxlength=\"400\" class=\"wpcf7-form-control wpcf7-tel wpcf7-text wpcf7-validates-as-tel form-control\" id=\"phone\" aria-invalid=\"false\" placeholder=\"Phone number\" value=\"\" type=\"tel\" name=\"your-phone\" \/><\/span>\n\t\t\t\t\t\t<\/p>\n\t\t\t\t\t<\/div>\n\t\t\t\t<\/div>\n\t\t\t<\/div>\n\t\t\t<div class=\"row\">\n\t\t\t\t<div class=\"col-md-12\">\n\t\t\t\t\t<div class=\"form-group\">\n\t\t\t\t\t\t<p><span class=\"wpcf7-form-control-wrap\" data-name=\"email-139\"><input size=\"40\" maxlength=\"400\" class=\"wpcf7-form-control wpcf7-email wpcf7-validates-as-required wpcf7-text wpcf7-validates-as-email form-control\" id=\"email\" aria-required=\"true\" aria-invalid=\"false\" placeholder=\"Your email*\" value=\"\" type=\"email\" name=\"email-139\" \/><\/span>\n\t\t\t\t\t\t<\/p>\n\t\t\t\t\t<\/div>\n\t\t\t\t<\/div>\n\t\t\t<\/div>\n\t\t\t<div class=\"form-group\">\n\t\t\t\t<p><span class=\"wpcf7-form-control-wrap\" data-name=\"message\"><textarea cols=\"40\" rows=\"10\" maxlength=\"2000\" class=\"wpcf7-form-control wpcf7-textarea form-control\" id=\"message\" aria-invalid=\"false\" placeholder=\"Message\" name=\"message\"><\/textarea><\/span>\n\t\t\t\t<\/p>\n\t\t\t<\/div>\n\t\t\t<div class=\"st-button-subbmit\">\n\t\t\t\t<p><input class=\"wpcf7-form-control wpcf7-submit has-spinner btn text-center btn-v2 btn-primary\" type=\"submit\" value=\"Submit\" \/>\n\t\t\t\t<\/p>\n\t\t\t<\/div>\n\t\t<\/div>\n\t<\/h3>\n<\/div><div class=\"wpcf7-response-output\" aria-hidden=\"true\"><\/div>\n<input type=\"hidden\" name=\"trp-form-language\" value=\"en\"\/><\/form>\n<\/div>\n<\/div>\n\t\t\t\t\t\t<\/div>\n\t\t\t\t<\/div>\n\t\t\t\t\t<\/div>\n\t\t<\/div>\n\t\t\t\t\t<\/div>\n\t\t<\/section>\n\t\t\t\t<\/div>","protected":false},"excerpt":{"rendered":"<p>Informaci\u00f3n de contacto Contacta con nuestro equipo de expertos. Env\u00edanos un mensaje a trav\u00e9s del formulario. Si tu consulta es sensible, utiliza los datos de contacto que figuran a continuaci\u00f3n. carrera 6 # 6 &#8211; 21, Leticia, Amazonas +57 321 426 7757 info@amazonjungletrips.com.co<\/p>","protected":false},"author":1,"featured_media":0,"parent":0,"menu_order":0,"comment_status":"closed","ping_status":"closed","template":"template-home.php","meta":{"footnotes":""},"class_list":["post-313","page","type-page","status-publish","has-post-thumbnail","hentry"],"yoast_head":"<!-- This site is optimized with the Yoast SEO plugin v24.6 - https:\/\/yoast.com\/wordpress\/plugins\/seo\/ -->\n<title>Contact - Amazon Jungle Trips<\/title>\n<meta name=\"robots\" content=\"index, follow, max-snippet:-1, max-image-preview:large, max-video-preview:-1\" \/>\n<link rel=\"canonical\" href=\"https:\/\/amazonjungletrips.com.co\/en\/contact\/\" \/>\n<meta property=\"og:locale\" content=\"en_US\" \/>\n<meta property=\"og:type\" content=\"article\" \/>\n<meta property=\"og:title\" content=\"Contact - Amazon Jungle Trips\" \/>\n<meta property=\"og:description\" content=\"Informaci\u00f3n de contacto Contacta con nuestro equipo de expertos. Env\u00edanos un mensaje a trav\u00e9s del formulario. Si tu consulta es sensible, utiliza los datos de contacto que figuran a continuaci\u00f3n. carrera 6 # 6 &#8211; 21, Leticia, Amazonas +57 321 426 7757 info@amazonjungletrips.com.co\" \/>\n<meta property=\"og:url\" content=\"https:\/\/amazonjungletrips.com.co\/en\/contact\/\" \/>\n<meta property=\"og:site_name\" content=\"Amazon Jungle Trips\" \/>\n<meta property=\"article:modified_time\" content=\"2024-06-30T15:11:31+00:00\" \/>\n<meta name=\"twitter:card\" content=\"summary_large_image\" \/>\n<script type=\"application\/ld+json\" class=\"yoast-schema-graph\">{\"@context\":\"https:\/\/schema.org\",\"@graph\":[{\"@type\":\"WebPage\",\"@id\":\"https:\/\/amazonjungletrips.com.co\/contact\/\",\"url\":\"https:\/\/amazonjungletrips.com.co\/contact\/\",\"name\":\"Contact - Amazon Jungle Trips\",\"isPartOf\":{\"@id\":\"https:\/\/amazonjungletrips.com.co\/#website\"},\"datePublished\":\"2022-06-07T01:33:02+00:00\",\"dateModified\":\"2024-06-30T15:11:31+00:00\",\"breadcrumb\":{\"@id\":\"https:\/\/amazonjungletrips.com.co\/contact\/#breadcrumb\"},\"inLanguage\":\"en-US\",\"potentialAction\":[{\"@type\":\"ReadAction\",\"target\":[\"https:\/\/amazonjungletrips.com.co\/contact\/\"]}]},{\"@type\":\"BreadcrumbList\",\"@id\":\"https:\/\/amazonjungletrips.com.co\/contact\/#breadcrumb\",\"itemListElement\":[{\"@type\":\"ListItem\",\"position\":1,\"name\":\"Portada\",\"item\":\"https:\/\/amazonjungletrips.com.co\/\"},{\"@type\":\"ListItem\",\"position\":2,\"name\":\"Contact\"}]},{\"@type\":\"WebSite\",\"@id\":\"https:\/\/amazonjungletrips.com.co\/#website\",\"url\":\"https:\/\/amazonjungletrips.com.co\/\",\"name\":\"Amazon Jungle Trips\",\"description\":\"Traveler\",\"publisher\":{\"@id\":\"https:\/\/amazonjungletrips.com.co\/#organization\"},\"potentialAction\":[{\"@type\":\"SearchAction\",\"target\":{\"@type\":\"EntryPoint\",\"urlTemplate\":\"https:\/\/amazonjungletrips.com.co\/?s={search_term_string}\"},\"query-input\":{\"@type\":\"PropertyValueSpecification\",\"valueRequired\":true,\"valueName\":\"search_term_string\"}}],\"inLanguage\":\"en-US\"},{\"@type\":\"Organization\",\"@id\":\"https:\/\/amazonjungletrips.com.co\/#organization\",\"name\":\"Amazon Jungle Trips\",\"url\":\"https:\/\/amazonjungletrips.com.co\/\",\"logo\":{\"@type\":\"ImageObject\",\"inLanguage\":\"en-US\",\"@id\":\"https:\/\/amazonjungletrips.com.co\/#\/schema\/logo\/image\/\",\"url\":\"https:\/\/amazonjungletrips.com.co\/wp-content\/uploads\/2024\/06\/image-26-2.png\",\"contentUrl\":\"https:\/\/amazonjungletrips.com.co\/wp-content\/uploads\/2024\/06\/image-26-2.png\",\"width\":80,\"height\":88,\"caption\":\"Amazon Jungle Trips\"},\"image\":{\"@id\":\"https:\/\/amazonjungletrips.com.co\/#\/schema\/logo\/image\/\"}}]}<\/script>\n<!-- \/ Yoast SEO plugin. -->","yoast_head_json":{"title":"Contact - Amazon Jungle Trips","robots":{"index":"index","follow":"follow","max-snippet":"max-snippet:-1","max-image-preview":"max-image-preview:large","max-video-preview":"max-video-preview:-1"},"canonical":"https:\/\/amazonjungletrips.com.co\/en\/contact\/","og_locale":"en_US","og_type":"article","og_title":"Contact - Amazon Jungle Trips","og_description":"Informaci\u00f3n de contacto Contacta con nuestro equipo de expertos. Env\u00edanos un mensaje a trav\u00e9s del formulario. Si tu consulta es sensible, utiliza los datos de contacto que figuran a continuaci\u00f3n. carrera 6 # 6 &#8211; 21, Leticia, Amazonas +57 321 426 7757 info@amazonjungletrips.com.co","og_url":"https:\/\/amazonjungletrips.com.co\/en\/contact\/","og_site_name":"Amazon Jungle Trips","article_modified_time":"2024-06-30T15:11:31+00:00","twitter_card":"summary_large_image","schema":{"@context":"https:\/\/schema.org","@graph":[{"@type":"WebPage","@id":"https:\/\/amazonjungletrips.com.co\/contact\/","url":"https:\/\/amazonjungletrips.com.co\/contact\/","name":"Contact - Amazon Jungle Trips","isPartOf":{"@id":"https:\/\/amazonjungletrips.com.co\/#website"},"datePublished":"2022-06-07T01:33:02+00:00","dateModified":"2024-06-30T15:11:31+00:00","breadcrumb":{"@id":"https:\/\/amazonjungletrips.com.co\/contact\/#breadcrumb"},"inLanguage":"en-US","potentialAction":[{"@type":"ReadAction","target":["https:\/\/amazonjungletrips.com.co\/contact\/"]}]},{"@type":"BreadcrumbList","@id":"https:\/\/amazonjungletrips.com.co\/contact\/#breadcrumb","itemListElement":[{"@type":"ListItem","position":1,"name":"Portada","item":"https:\/\/amazonjungletrips.com.co\/"},{"@type":"ListItem","position":2,"name":"Contact"}]},{"@type":"WebSite","@id":"https:\/\/amazonjungletrips.com.co\/#website","url":"https:\/\/amazonjungletrips.com.co\/","name":"Amazon Jungle Trips","description":"Traveler","publisher":{"@id":"https:\/\/amazonjungletrips.com.co\/#organization"},"potentialAction":[{"@type":"SearchAction","target":{"@type":"EntryPoint","urlTemplate":"https:\/\/amazonjungletrips.com.co\/?s={search_term_string}"},"query-input":{"@type":"PropertyValueSpecification","valueRequired":true,"valueName":"search_term_string"}}],"inLanguage":"en-US"},{"@type":"Organization","@id":"https:\/\/amazonjungletrips.com.co\/#organization","name":"Amazon Jungle Trips","url":"https:\/\/amazonjungletrips.com.co\/","logo":{"@type":"ImageObject","inLanguage":"en-US","@id":"https:\/\/amazonjungletrips.com.co\/#\/schema\/logo\/image\/","url":"https:\/\/amazonjungletrips.com.co\/wp-content\/uploads\/2024\/06\/image-26-2.png","contentUrl":"https:\/\/amazonjungletrips.com.co\/wp-content\/uploads\/2024\/06\/image-26-2.png","width":80,"height":88,"caption":"Amazon Jungle Trips"},"image":{"@id":"https:\/\/amazonjungletrips.com.co\/#\/schema\/logo\/image\/"}}]}},"_links":{"self":[{"href":"https:\/\/amazonjungletrips.com.co\/en\/wp-json\/wp\/v2\/pages\/313","targetHints":{"allow":["GET"]}}],"collection":[{"href":"https:\/\/amazonjungletrips.com.co\/en\/wp-json\/wp\/v2\/pages"}],"about":[{"href":"https:\/\/amazonjungletrips.com.co\/en\/wp-json\/wp\/v2\/types\/page"}],"author":[{"embeddable":true,"href":"https:\/\/amazonjungletrips.com.co\/en\/wp-json\/wp\/v2\/users\/1"}],"replies":[{"embeddable":true,"href":"https:\/\/amazonjungletrips.com.co\/en\/wp-json\/wp\/v2\/comments?post=313"}],"version-history":[{"count":81,"href":"https:\/\/amazonjungletrips.com.co\/en\/wp-json\/wp\/v2\/pages\/313\/revisions"}],"predecessor-version":[{"id":11197,"href":"https:\/\/amazonjungletrips.com.co\/en\/wp-json\/wp\/v2\/pages\/313\/revisions\/11197"}],"wp:attachment":[{"href":"https:\/\/amazonjungletrips.com.co\/en\/wp-json\/wp\/v2\/media?parent=313"}],"curies":[{"name":"wp","href":"https:\/\/api.w.org\/{rel}","templated":true}]}}